{"id":44235,"date":"2025-06-18T10:59:50","date_gmt":"2025-06-18T10:59:50","guid":{"rendered":"https:\/\/zl.jewelry\/product\/cross-with-the-faces-of-the-saints-from-red-gold\/"},"modified":"2025-09-26T18:30:31","modified_gmt":"2025-09-26T18:30:31","slug":"cross-with-the-faces-of-the-saints-from-red-gold","status":"publish","type":"product","link":"https:\/\/zl.jewelry\/pl\/product\/cross-with-the-faces-of-the-saints-from-red-gold\/","title":{"rendered":"Krzy\u017c z twarzami \u015bwi\u0119tych z czerwonego z\u0142ota"},"content":{"rendered":"<p>Dwustronny krzy\u017c z czerwonego z\u0142ota. Na przedniej stronie po\u015brodku znajduje si\u0119 wymodelowane ukrzy\u017cowanie, na odwrotnej stronie po\u015brodku znajduje si\u0119 Archanio\u0142 Micha\u0142. Na uchu z przodu w centplm znajduje si\u0119 twarz Jezusa, a z ty\u0142u twarz Matki Boskiej. Krzy\u017c jest pokryty niello. Waga zale\u017cy od wymiar\u00f3w, przy wysoko\u015bci 40 mm i szeroko\u015bci 25 mm waga z\u0142ota wynosi 25,94 grama. Wz\u00f3r mo\u017ce zosta\u0107 zmieniony na \u017cyczenie klienta.<\/p>\n","protected":false},"excerpt":{"rendered":"<p>Dwustronny krzy\u017c z czerwonego z\u0142ota. Na przedniej stronie po\u015brodku znajduje si\u0119 wymodelowane ukrzy\u017cowanie, na odwrotnej stronie po\u015brodku znajduje si\u0119 Archanio\u0142 Micha\u0142. Na uchu z przodu w centplm znajduje si\u0119 twarz Jezusa, a z ty\u0142u twarz Matki Boskiej. Krzy\u017c jest pokryty niello. Waga zale\u017cy od wymiar\u00f3w, przy wysoko\u015bci 40 mm i szeroko\u015bci 25 mm waga z\u0142ota&#8230;<\/p>\n","protected":false},"featured_media":44236,"template":"","meta":{"_acf_changed":false},"product_brand":[],"product_cat":[504,510,513],"product_tag":[],"class_list":{"0":"post-44235","1":"product","2":"type-product","3":"status-publish","4":"has-post-thumbnail","6":"product_cat-golden-crosses-pl","7":"product_cat-mens-crosses-pl","8":"product_cat-womens-crosses-pl","10":"first","11":"instock","12":"product-type-simple"},"acf":[],"_links":{"self":[{"href":"https:\/\/zl.jewelry\/pl\/wp-json\/wp\/v2\/product\/44235","targetHints":{"allow":["GET"]}}],"collection":[{"href":"https:\/\/zl.jewelry\/pl\/wp-json\/wp\/v2\/product"}],"about":[{"href":"https:\/\/zl.jewelry\/pl\/wp-json\/wp\/v2\/types\/product"}],"wp:featuredmedia":[{"embeddable":true,"href":"https:\/\/zl.jewelry\/pl\/wp-json\/wp\/v2\/media\/44236"}],"wp:attachment":[{"href":"https:\/\/zl.jewelry\/pl\/wp-json\/wp\/v2\/media?parent=44235"}],"wp:term":[{"taxonomy":"product_brand","embeddable":true,"href":"https:\/\/zl.jewelry\/pl\/wp-json\/wp\/v2\/product_brand?post=44235"},{"taxonomy":"product_cat","embeddable":true,"href":"https:\/\/zl.jewelry\/pl\/wp-json\/wp\/v2\/product_cat?post=44235"},{"taxonomy":"product_tag","embeddable":true,"href":"https:\/\/zl.jewelry\/pl\/wp-json\/wp\/v2\/product_tag?post=44235"}],"curies":[{"name":"wp","href":"https:\/\/api.w.org\/{rel}","templated":true}]}}