{"id":44233,"date":"2025-06-18T10:59:50","date_gmt":"2025-06-18T10:59:50","guid":{"rendered":"https:\/\/zl.jewelry\/product\/cross-with-the-face-of-st-paul\/"},"modified":"2025-09-26T18:30:31","modified_gmt":"2025-09-26T18:30:31","slug":"cross-with-the-face-of-st-paul","status":"publish","type":"product","link":"https:\/\/zl.jewelry\/pl\/product\/cross-with-the-face-of-st-paul\/","title":{"rendered":"Krzy\u017c z twarz\u0105 \u015bw. Paw\u0142a"},"content":{"rendered":"<p>Oryginalny krzy\u017c z czerwonego z\u0142ota. Na przedniej stronie znajduje si\u0119 kplcyfiks, a na odwrotnej stronie w centplm znajduje si\u0119 twarz \u015bw. Paw\u0142a, centralne cz\u0119\u015bci krzy\u017ca pokryte s\u0105 czarn\u0105 emali\u0105. Waga jest zgodna z wymiarami, przy wysoko\u015bci krzy\u017ca wynosz\u0105cej 63 mm, waga z\u0142ota w bi\u017cuterii wynosi 53,68 gram\u00f3w. Wz\u00f3r mo\u017ce zosta\u0107 zmieniony zgodnie z \u017cyczeniem klienta.<\/p>\n","protected":false},"excerpt":{"rendered":"<p>Oryginalny krzy\u017c z czerwonego z\u0142ota. Na przedniej stronie znajduje si\u0119 kplcyfiks, a na odwrotnej stronie w centplm znajduje si\u0119 twarz \u015bw. Paw\u0142a, centralne cz\u0119\u015bci krzy\u017ca pokryte s\u0105 czarn\u0105 emali\u0105. Waga jest zgodna z wymiarami, przy wysoko\u015bci krzy\u017ca wynosz\u0105cej 63 mm, waga z\u0142ota w bi\u017cuterii wynosi 53,68 gram\u00f3w. Wz\u00f3r mo\u017ce zosta\u0107 zmieniony zgodnie z \u017cyczeniem klienta.<\/p>\n","protected":false},"featured_media":44234,"template":"","meta":{"_acf_changed":false},"product_brand":[],"product_cat":[504,510,511],"product_tag":[],"class_list":{"0":"post-44233","1":"product","2":"type-product","3":"status-publish","4":"has-post-thumbnail","6":"product_cat-golden-crosses-pl","7":"product_cat-mens-crosses-pl","8":"product_cat-on-an-ebony-tree-2-pl","10":"first","11":"instock","12":"product-type-simple"},"acf":[],"_links":{"self":[{"href":"https:\/\/zl.jewelry\/pl\/wp-json\/wp\/v2\/product\/44233","targetHints":{"allow":["GET"]}}],"collection":[{"href":"https:\/\/zl.jewelry\/pl\/wp-json\/wp\/v2\/product"}],"about":[{"href":"https:\/\/zl.jewelry\/pl\/wp-json\/wp\/v2\/types\/product"}],"wp:featuredmedia":[{"embeddable":true,"href":"https:\/\/zl.jewelry\/pl\/wp-json\/wp\/v2\/media\/44234"}],"wp:attachment":[{"href":"https:\/\/zl.jewelry\/pl\/wp-json\/wp\/v2\/media?parent=44233"}],"wp:term":[{"taxonomy":"product_brand","embeddable":true,"href":"https:\/\/zl.jewelry\/pl\/wp-json\/wp\/v2\/product_brand?post=44233"},{"taxonomy":"product_cat","embeddable":true,"href":"https:\/\/zl.jewelry\/pl\/wp-json\/wp\/v2\/product_cat?post=44233"},{"taxonomy":"product_tag","embeddable":true,"href":"https:\/\/zl.jewelry\/pl\/wp-json\/wp\/v2\/product_tag?post=44233"}],"curies":[{"name":"wp","href":"https:\/\/api.w.org\/{rel}","templated":true}]}}