{"id":44229,"date":"2025-06-18T10:59:50","date_gmt":"2025-06-18T10:59:50","guid":{"rendered":"https:\/\/zl.jewelry\/product\/guardians-cross-with-garnet\/"},"modified":"2026-04-23T14:44:07","modified_gmt":"2026-04-23T14:44:07","slug":"guardians-cross-with-garnet","status":"publish","type":"product","link":"https:\/\/zl.jewelry\/pl\/product\/guardians-cross-with-garnet\/","title":{"rendered":"Krzy\u017c &#8222;Guardians&#8221; z granatem"},"content":{"rendered":"<p>Krzy\u017cyk na hebanowej podstawie, w cobinirovannym kolorze z\u0142ota 585*.\u00a0 Twarze, zako\u0144czenie z modlitw\u0105, ukrzy\u017cowanie w kolorze czerwonym, \u0142uki &#8211; obramowanie, ucho w kolorze bia\u0142ym. Przy ca\u0142kowitej wysoko\u015bci 65 mm, waga z\u0142ota w krzy\u017cu wynosi 30,36 grama, w uchu jest zamocowany kamie\u0144 granatu, rozmiar 11x11mm. Po lewej stronie znajduje si\u0119 ukrzy\u017cowanie, twarz Matki Boskiej i twarz anio\u0142a str\u00f3\u017ca. Po stronie tilnaya znajduje si\u0119 twarz Siergieja Rabone\u017cskiego, Tr\u00f3jcy \u015awi\u0119tej, Miko\u0142aja Cudotw\u00f3rcy i Matki Bo\u017cej Iljinskiej. Na ko\u0144cu znajduje si\u0119 modlitwa \u201eOjcze nasz\u201d. Wysoko\u015b\u0107 krzy\u017ca z uchem wynosi 65 mm.<\/p>\n","protected":false},"excerpt":{"rendered":"<p>Krzy\u017cyk na hebanowej podstawie, w cobinirovannym kolorze z\u0142ota 585*.\u00a0 Twarze, zako\u0144czenie z modlitw\u0105, ukrzy\u017cowanie w kolorze czerwonym, \u0142uki &#8211; obramowanie, ucho w kolorze bia\u0142ym. Przy ca\u0142kowitej wysoko\u015bci 65 mm, waga z\u0142ota w krzy\u017cu wynosi 30,36 grama, w uchu jest zamocowany kamie\u0144 granatu, rozmiar 11x11mm. Po lewej stronie znajduje si\u0119 ukrzy\u017cowanie, twarz Matki Boskiej i twarz&#8230;<\/p>\n","protected":false},"featured_media":44230,"template":"","meta":{"_acf_changed":false},"product_brand":[],"product_cat":[511,510,506,504],"product_tag":[],"class_list":{"0":"post-44229","1":"product","2":"type-product","3":"status-publish","4":"has-post-thumbnail","6":"product_cat-on-an-ebony-tree-2-pl","7":"product_cat-mens-crosses-pl","8":"product_cat-crosses-with-stones-pl","9":"product_cat-golden-crosses-pl","11":"first","12":"instock","13":"product-type-simple"},"acf":[],"_links":{"self":[{"href":"https:\/\/zl.jewelry\/pl\/wp-json\/wp\/v2\/product\/44229","targetHints":{"allow":["GET"]}}],"collection":[{"href":"https:\/\/zl.jewelry\/pl\/wp-json\/wp\/v2\/product"}],"about":[{"href":"https:\/\/zl.jewelry\/pl\/wp-json\/wp\/v2\/types\/product"}],"wp:featuredmedia":[{"embeddable":true,"href":"https:\/\/zl.jewelry\/pl\/wp-json\/wp\/v2\/media\/44230"}],"wp:attachment":[{"href":"https:\/\/zl.jewelry\/pl\/wp-json\/wp\/v2\/media?parent=44229"}],"wp:term":[{"taxonomy":"product_brand","embeddable":true,"href":"https:\/\/zl.jewelry\/pl\/wp-json\/wp\/v2\/product_brand?post=44229"},{"taxonomy":"product_cat","embeddable":true,"href":"https:\/\/zl.jewelry\/pl\/wp-json\/wp\/v2\/product_cat?post=44229"},{"taxonomy":"product_tag","embeddable":true,"href":"https:\/\/zl.jewelry\/pl\/wp-json\/wp\/v2\/product_tag?post=44229"}],"curies":[{"name":"wp","href":"https:\/\/api.w.org\/{rel}","templated":true}]}}