{"id":44227,"date":"2025-06-18T10:59:55","date_gmt":"2025-06-18T10:59:55","guid":{"rendered":"https:\/\/zl.jewelry\/product\/wedding-rings-music-of-the-heart-with-stones\/"},"modified":"2025-09-26T18:30:40","modified_gmt":"2025-09-26T18:30:40","slug":"wedding-rings-music-of-the-heart-with-stones","status":"publish","type":"product","link":"https:\/\/zl.jewelry\/pl\/product\/wedding-rings-music-of-the-heart-with-stones\/","title":{"rendered":"Pier\u015bcionki zar\u0119czynowe &#8222;Muzyka serca&#8221; z kamieniami"},"content":{"rendered":"<p>Pier\u015bcionki zar\u0119czynowe w kolorze czerwonego z\u0142ota. Obr\u0105czki sk\u0142adaj\u0105 si\u0119 z trzech obszar&oacute;w, kt&oacute;re s\u0105 po\u0142\u0105czone przegrodami, m\u0119ska obr\u0105czka jest g\u0142adka, a na damskiej obr\u0105czce po\u015brodku osadzone s\u0105 kamienie o \u015brednicy 2,00 mm (28 sztuk), szeroko\u015b\u0107 obr\u0105czek w tym modelu wynosi 10 mm. Waga jest zgodna z rozmiarem, projekt pier\u015bcieni mo\u017cna zmieni\u0107 zgodnie z \u017cyczeniem klienta.<\/p>\n<p>_x000D_<\/p>\n","protected":false},"excerpt":{"rendered":"<p>Pier\u015bcionki zar\u0119czynowe w kolorze czerwonego z\u0142ota. Obr\u0105czki sk\u0142adaj\u0105 si\u0119 z trzech obszar&oacute;w, kt&oacute;re s\u0105 po\u0142\u0105czone przegrodami, m\u0119ska obr\u0105czka jest g\u0142adka, a na damskiej obr\u0105czce po\u015brodku osadzone s\u0105 kamienie o \u015brednicy 2,00 mm (28 sztuk), szeroko\u015b\u0107 obr\u0105czek w tym modelu wynosi 10 mm. Waga jest zgodna z rozmiarem, projekt pier\u015bcieni mo\u017cna zmieni\u0107 zgodnie z \u017cyczeniem klienta&#8230;.<\/p>\n","protected":false},"featured_media":44228,"template":"","meta":{"_acf_changed":false},"product_brand":[],"product_cat":[528,533,537,535],"product_tag":[],"class_list":{"0":"post-44227","1":"product","2":"type-product","3":"status-publish","4":"has-post-thumbnail","6":"product_cat-wedding-rings-pl","7":"product_cat-red-gold-wedding-rings-pl","8":"product_cat-with-rocks-4-pl","9":"product_cat-wedding-rings-with-diamonds-pl","11":"first","12":"instock","13":"product-type-simple"},"acf":[],"_links":{"self":[{"href":"https:\/\/zl.jewelry\/pl\/wp-json\/wp\/v2\/product\/44227","targetHints":{"allow":["GET"]}}],"collection":[{"href":"https:\/\/zl.jewelry\/pl\/wp-json\/wp\/v2\/product"}],"about":[{"href":"https:\/\/zl.jewelry\/pl\/wp-json\/wp\/v2\/types\/product"}],"wp:featuredmedia":[{"embeddable":true,"href":"https:\/\/zl.jewelry\/pl\/wp-json\/wp\/v2\/media\/44228"}],"wp:attachment":[{"href":"https:\/\/zl.jewelry\/pl\/wp-json\/wp\/v2\/media?parent=44227"}],"wp:term":[{"taxonomy":"product_brand","embeddable":true,"href":"https:\/\/zl.jewelry\/pl\/wp-json\/wp\/v2\/product_brand?post=44227"},{"taxonomy":"product_cat","embeddable":true,"href":"https:\/\/zl.jewelry\/pl\/wp-json\/wp\/v2\/product_cat?post=44227"},{"taxonomy":"product_tag","embeddable":true,"href":"https:\/\/zl.jewelry\/pl\/wp-json\/wp\/v2\/product_tag?post=44227"}],"curies":[{"name":"wp","href":"https:\/\/api.w.org\/{rel}","templated":true}]}}