{"id":44225,"date":"2025-06-18T10:59:55","date_gmt":"2025-06-18T10:59:55","guid":{"rendered":"https:\/\/zl.jewelry\/product\/horseshoe-ring\/"},"modified":"2026-04-23T14:24:52","modified_gmt":"2026-04-23T14:24:52","slug":"horseshoe-ring","status":"publish","type":"product","link":"https:\/\/zl.jewelry\/pl\/product\/horseshoe-ring\/","title":{"rendered":"Pier\u015bcionek &#8222;Podkowa&#8221;"},"content":{"rendered":"<p>Pier\u015bcionek z czerwonego z\u0142ota, z elementami bia\u0142ego z\u0142ota, pr\u00f3by 585*. W rozmiarze 21,5 waga z\u0142ota wynosi 20,10 grama. W podkowie znajduje si\u0119 ko\u0144, podkowa z bia\u0142ego z\u0142ota, w podkowie osadzone diamenty w kolorze czarnym i bia\u0142ym. Po bokach inicja\u0142y w bia\u0142ym z\u0142ocie, pi\u0119kne liternictwo.<\/p>\n<p>Inicja\u0142y:<\/p>\n<p>czarne diamenty o \u015brednicy 1mm, 7 sztuk;<\/p>\n<p>9 bezbarwnych diament\u00f3w, \u015brednica 1 mm.<\/p>\n","protected":false},"excerpt":{"rendered":"<p>Pier\u015bcionek z czerwonego z\u0142ota, z elementami bia\u0142ego z\u0142ota, pr\u00f3by 585*. W rozmiarze 21,5 waga z\u0142ota wynosi 20,10 grama. W podkowie znajduje si\u0119 ko\u0144, podkowa z bia\u0142ego z\u0142ota, w podkowie osadzone diamenty w kolorze czarnym i bia\u0142ym. Po bokach inicja\u0142y w bia\u0142ym z\u0142ocie, pi\u0119kne liternictwo. Inicja\u0142y: czarne diamenty o \u015brednicy 1mm, 7 sztuk; 9 bezbarwnych diament\u00f3w,&#8230;<\/p>\n","protected":false},"featured_media":44226,"template":"","meta":{"_acf_changed":false},"product_brand":[],"product_cat":[517,589],"product_tag":[],"class_list":{"0":"post-44225","1":"product","2":"type-product","3":"status-publish","4":"has-post-thumbnail","6":"product_cat-mens-rings-and-seals-pl","7":"product_cat-signet-rings-pl","9":"first","10":"instock","11":"product-type-simple"},"acf":[],"_links":{"self":[{"href":"https:\/\/zl.jewelry\/pl\/wp-json\/wp\/v2\/product\/44225","targetHints":{"allow":["GET"]}}],"collection":[{"href":"https:\/\/zl.jewelry\/pl\/wp-json\/wp\/v2\/product"}],"about":[{"href":"https:\/\/zl.jewelry\/pl\/wp-json\/wp\/v2\/types\/product"}],"wp:featuredmedia":[{"embeddable":true,"href":"https:\/\/zl.jewelry\/pl\/wp-json\/wp\/v2\/media\/44226"}],"wp:attachment":[{"href":"https:\/\/zl.jewelry\/pl\/wp-json\/wp\/v2\/media?parent=44225"}],"wp:term":[{"taxonomy":"product_brand","embeddable":true,"href":"https:\/\/zl.jewelry\/pl\/wp-json\/wp\/v2\/product_brand?post=44225"},{"taxonomy":"product_cat","embeddable":true,"href":"https:\/\/zl.jewelry\/pl\/wp-json\/wp\/v2\/product_cat?post=44225"},{"taxonomy":"product_tag","embeddable":true,"href":"https:\/\/zl.jewelry\/pl\/wp-json\/wp\/v2\/product_tag?post=44225"}],"curies":[{"name":"wp","href":"https:\/\/api.w.org\/{rel}","templated":true}]}}