{"id":44219,"date":"2025-06-18T10:59:55","date_gmt":"2025-06-18T10:59:55","guid":{"rendered":"https:\/\/zl.jewelry\/product\/symbols-ring\/"},"modified":"2026-04-23T13:52:18","modified_gmt":"2026-04-23T13:52:18","slug":"symbols-ring","status":"publish","type":"product","link":"https:\/\/zl.jewelry\/pl\/product\/symbols-ring\/","title":{"rendered":"Pier\u015bcionek &#8222;Symbole&#8221;"},"content":{"rendered":"<section class=\"l-section wpb_row height_small\"><div class=\"l-section-h i-cf\"><div class=\"g-cols vc_row via_flex valign_top type_default stacking_default\"><div class=\"vc_col-sm-12 wpb_column vc_column_container\"><div class=\"vc_column-inner\"><div class=\"wpb_wrapper\"><div class=\"wpb_text_column\"><div class=\"wpb_wrapper\"><p>Pier\u015bcionek z czerwonego z\u0142ota pr\u00f3by 585*, \u015brednica ko\u0142a 20mm. Kamienie to czarne fianity. Centralna cz\u0119\u015b\u0107 obraca si\u0119, z jednej strony Pepln w kolorze bia\u0142ego z\u0142ota, a z dplgiej strony Lew z Kozakiem i herbem z niebiesk\u0105 emali\u0105. Po jednej stronie znajduje si\u0119 drzewo genealogiczne, a po dplgiej svorog. Obszary piecz\u0119ci pokryte s\u0105 czarn\u0105 emali\u0105. Wewn\u0105trz kSznur napis &#8222;Remember savo korni&#8221; . Na zewn\u0119trznej stronie kSznur napis &#8222;Wierno\u015b\u0107&#8221; , napisy pokryte s\u0105 czarn\u0105 emali\u0105. Elementy wykonane z bia\u0142ego z\u0142ota, rodowane.<\/p>\n<\/div><\/div><\/div><\/div><\/div><\/div><\/div><\/section>\n","protected":false},"excerpt":{"rendered":"Pier\u015bcionek z czerwonego z\u0142ota pr\u00f3by 585*, \u015brednica ko\u0142a 20mm. Kamienie to czarne fianity. Centralna cz\u0119\u015b\u0107 obraca si\u0119, z jednej strony Pepln w kolorze bia\u0142ego z\u0142ota, a z dplgiej strony Lew z Kozakiem i herbem z niebiesk\u0105 emali\u0105. Po jednej stronie znajduje si\u0119 drzewo genealogiczne, a po dplgiej svorog. Obszary piecz\u0119ci pokryte s\u0105 czarn\u0105 emali\u0105. Wewn\u0105trz...","protected":false},"featured_media":44220,"template":"","meta":{"_acf_changed":false},"product_brand":[],"product_cat":[517,589],"product_tag":[],"class_list":{"0":"post-44219","1":"product","2":"type-product","3":"status-publish","4":"has-post-thumbnail","6":"product_cat-mens-rings-and-seals-pl","7":"product_cat-signet-rings-pl","9":"first","10":"instock","11":"product-type-simple"},"acf":[],"_links":{"self":[{"href":"https:\/\/zl.jewelry\/pl\/wp-json\/wp\/v2\/product\/44219","targetHints":{"allow":["GET"]}}],"collection":[{"href":"https:\/\/zl.jewelry\/pl\/wp-json\/wp\/v2\/product"}],"about":[{"href":"https:\/\/zl.jewelry\/pl\/wp-json\/wp\/v2\/types\/product"}],"wp:featuredmedia":[{"embeddable":true,"href":"https:\/\/zl.jewelry\/pl\/wp-json\/wp\/v2\/media\/44220"}],"wp:attachment":[{"href":"https:\/\/zl.jewelry\/pl\/wp-json\/wp\/v2\/media?parent=44219"}],"wp:term":[{"taxonomy":"product_brand","embeddable":true,"href":"https:\/\/zl.jewelry\/pl\/wp-json\/wp\/v2\/product_brand?post=44219"},{"taxonomy":"product_cat","embeddable":true,"href":"https:\/\/zl.jewelry\/pl\/wp-json\/wp\/v2\/product_cat?post=44219"},{"taxonomy":"product_tag","embeddable":true,"href":"https:\/\/zl.jewelry\/pl\/wp-json\/wp\/v2\/product_tag?post=44219"}],"curies":[{"name":"wp","href":"https:\/\/api.w.org\/{rel}","templated":true}]}}