{"id":44217,"date":"2025-06-18T10:59:55","date_gmt":"2025-06-18T10:59:55","guid":{"rendered":"https:\/\/zl.jewelry\/product\/virage-ring\/"},"modified":"2025-09-26T18:30:39","modified_gmt":"2025-09-26T18:30:39","slug":"virage-ring","status":"publish","type":"product","link":"https:\/\/zl.jewelry\/pl\/product\/virage-ring\/","title":{"rendered":"Pier\u015bcionek &#8222;Virage&#8221;"},"content":{"rendered":"<p>Piecz\u0119\u0107 w kolorze czerwonego z\u0142ota 585*, niebieska piecz\u0119\u0107 emaliowana. \u015arednica poduszki 16-17mm. Kamienie w oprawie: szafir centralny o \u015brednicy 6mm; cytryn 3szt. o \u015brednicy 2,5mm; ametyst&nbsp;3szt. o \u015brednicy 2,5mm; szmaragd&nbsp;3szt. o \u015brednicy 2,5mm; granat&nbsp;3szt. o \u015brednicy 2,5mm. Po bokach sygnetu znajduje si\u0119 niebieska emalia.&nbsp;<\/p>\n<p>_x000D_<\/p>\n","protected":false},"excerpt":{"rendered":"<p>Piecz\u0119\u0107 w kolorze czerwonego z\u0142ota 585*, niebieska piecz\u0119\u0107 emaliowana. \u015arednica poduszki 16-17mm. Kamienie w oprawie: szafir centralny o \u015brednicy 6mm; cytryn 3szt. o \u015brednicy 2,5mm; ametyst&nbsp;3szt. o \u015brednicy 2,5mm; szmaragd&nbsp;3szt. o \u015brednicy 2,5mm; granat&nbsp;3szt. o \u015brednicy 2,5mm. Po bokach sygnetu znajduje si\u0119 niebieska emalia.&nbsp; _x000D_<\/p>\n","protected":false},"featured_media":48759,"template":"","meta":{"_acf_changed":false},"product_brand":[],"product_cat":[517,589],"product_tag":[],"class_list":{"0":"post-44217","1":"product","2":"type-product","3":"status-publish","4":"has-post-thumbnail","6":"product_cat-mens-rings-and-seals-pl","7":"product_cat-signet-rings-pl","9":"first","10":"instock","11":"product-type-simple"},"acf":[],"_links":{"self":[{"href":"https:\/\/zl.jewelry\/pl\/wp-json\/wp\/v2\/product\/44217","targetHints":{"allow":["GET"]}}],"collection":[{"href":"https:\/\/zl.jewelry\/pl\/wp-json\/wp\/v2\/product"}],"about":[{"href":"https:\/\/zl.jewelry\/pl\/wp-json\/wp\/v2\/types\/product"}],"wp:featuredmedia":[{"embeddable":true,"href":"https:\/\/zl.jewelry\/pl\/wp-json\/wp\/v2\/media\/48759"}],"wp:attachment":[{"href":"https:\/\/zl.jewelry\/pl\/wp-json\/wp\/v2\/media?parent=44217"}],"wp:term":[{"taxonomy":"product_brand","embeddable":true,"href":"https:\/\/zl.jewelry\/pl\/wp-json\/wp\/v2\/product_brand?post=44217"},{"taxonomy":"product_cat","embeddable":true,"href":"https:\/\/zl.jewelry\/pl\/wp-json\/wp\/v2\/product_cat?post=44217"},{"taxonomy":"product_tag","embeddable":true,"href":"https:\/\/zl.jewelry\/pl\/wp-json\/wp\/v2\/product_tag?post=44217"}],"curies":[{"name":"wp","href":"https:\/\/api.w.org\/{rel}","templated":true}]}}