{"id":44215,"date":"2025-06-18T10:59:55","date_gmt":"2025-06-18T10:59:55","guid":{"rendered":"https:\/\/zl.jewelry\/product\/monogram-ring\/"},"modified":"2025-09-26T18:30:39","modified_gmt":"2025-09-26T18:30:39","slug":"monogram-ring","status":"publish","type":"product","link":"https:\/\/zl.jewelry\/pl\/product\/monogram-ring\/","title":{"rendered":"Pier\u015bcionek &#8222;Monogram&#8221;"},"content":{"rendered":"<p>Sygnet z czerwonego z\u0142ota pr&oacute;by&nbsp;585*. Po\u015brodku znajduje si\u0119 monogram z liter, a wok&oacute;\u0142 niego wz&oacute;r. Po lewej stronie liter znajduje si\u0119 data, a pod ni\u0105 litera. Po dplgiej stronie znajduje si\u0119 cyfra rzymska, a pod cyfr\u0105 znak niesko\u0144czono\u015bci, a pod znakiem litera. Z ty\u0142u, w \u015brodkowej cz\u0119\u015bci znajduje si\u0119 du\u017ca litera. Wszystkie litery i rysunki s\u0105 wypuk\u0142e.<\/p>\n<p>_x000D_<\/p>\n","protected":false},"excerpt":{"rendered":"<p>Sygnet z czerwonego z\u0142ota pr&oacute;by&nbsp;585*. Po\u015brodku znajduje si\u0119 monogram z liter, a wok&oacute;\u0142 niego wz&oacute;r. Po lewej stronie liter znajduje si\u0119 data, a pod ni\u0105 litera. Po dplgiej stronie znajduje si\u0119 cyfra rzymska, a pod cyfr\u0105 znak niesko\u0144czono\u015bci, a pod znakiem litera. Z ty\u0142u, w \u015brodkowej cz\u0119\u015bci znajduje si\u0119 du\u017ca litera. Wszystkie litery i rysunki&#8230;<\/p>\n","protected":false},"featured_media":44216,"template":"","meta":{"_acf_changed":false},"product_brand":[],"product_cat":[517,589],"product_tag":[],"class_list":{"0":"post-44215","1":"product","2":"type-product","3":"status-publish","4":"has-post-thumbnail","6":"product_cat-mens-rings-and-seals-pl","7":"product_cat-signet-rings-pl","9":"first","10":"instock","11":"product-type-simple"},"acf":[],"_links":{"self":[{"href":"https:\/\/zl.jewelry\/pl\/wp-json\/wp\/v2\/product\/44215","targetHints":{"allow":["GET"]}}],"collection":[{"href":"https:\/\/zl.jewelry\/pl\/wp-json\/wp\/v2\/product"}],"about":[{"href":"https:\/\/zl.jewelry\/pl\/wp-json\/wp\/v2\/types\/product"}],"wp:featuredmedia":[{"embeddable":true,"href":"https:\/\/zl.jewelry\/pl\/wp-json\/wp\/v2\/media\/44216"}],"wp:attachment":[{"href":"https:\/\/zl.jewelry\/pl\/wp-json\/wp\/v2\/media?parent=44215"}],"wp:term":[{"taxonomy":"product_brand","embeddable":true,"href":"https:\/\/zl.jewelry\/pl\/wp-json\/wp\/v2\/product_brand?post=44215"},{"taxonomy":"product_cat","embeddable":true,"href":"https:\/\/zl.jewelry\/pl\/wp-json\/wp\/v2\/product_cat?post=44215"},{"taxonomy":"product_tag","embeddable":true,"href":"https:\/\/zl.jewelry\/pl\/wp-json\/wp\/v2\/product_tag?post=44215"}],"curies":[{"name":"wp","href":"https:\/\/api.w.org\/{rel}","templated":true}]}}