{"id":44209,"date":"2025-06-18T10:59:55","date_gmt":"2025-06-18T10:59:55","guid":{"rendered":"https:\/\/zl.jewelry\/product\/scorpion-ring-with-stones\/"},"modified":"2025-09-26T18:30:38","modified_gmt":"2025-09-26T18:30:38","slug":"scorpion-ring-with-stones","status":"publish","type":"product","link":"https:\/\/zl.jewelry\/pl\/product\/scorpion-ring-with-stones\/","title":{"rendered":"Pier\u015bcionek &#8222;Skorpion&#8221; z kamieniami"},"content":{"rendered":"<p>Piecz\u0119\u0107 w kolorze cytrynowego z\u0142ota, pr&oacute;ba 585*, waga r&oacute;\u017cni si\u0119 w zale\u017cno\u015bci od rozmiapl. Wewn\u0105trz podk\u0142adki znajduje si\u0119 rysunek kwiatu \u017cycia z plbinami o \u015brednicy 1 mm. Na szczycie kwiatu w formie skorpiona w kolorze bia\u0142ego z\u0142ota, pokrytego rodem. Po bokach rysunku &#8211; imitacje kamieni oraz inicja\u0142y klienta w formie nak\u0142adek. Inicja\u0142y w kolorze bia\u0142ego z\u0142ota, rodowane. Na oponie data&nbsp; oraz napis na \u017cyczenie klienta.<\/p>\n<p>_x000D_<\/p>\n","protected":false},"excerpt":{"rendered":"<p>Piecz\u0119\u0107 w kolorze cytrynowego z\u0142ota, pr&oacute;ba 585*, waga r&oacute;\u017cni si\u0119 w zale\u017cno\u015bci od rozmiapl. Wewn\u0105trz podk\u0142adki znajduje si\u0119 rysunek kwiatu \u017cycia z plbinami o \u015brednicy 1 mm. Na szczycie kwiatu w formie skorpiona w kolorze bia\u0142ego z\u0142ota, pokrytego rodem. Po bokach rysunku &#8211; imitacje kamieni oraz inicja\u0142y klienta w formie nak\u0142adek. Inicja\u0142y w kolorze bia\u0142ego&#8230;<\/p>\n","protected":false},"featured_media":44210,"template":"","meta":{"_acf_changed":false},"product_brand":[],"product_cat":[517,589],"product_tag":[],"class_list":{"0":"post-44209","1":"product","2":"type-product","3":"status-publish","4":"has-post-thumbnail","6":"product_cat-mens-rings-and-seals-pl","7":"product_cat-signet-rings-pl","9":"first","10":"instock","11":"product-type-simple"},"acf":[],"_links":{"self":[{"href":"https:\/\/zl.jewelry\/pl\/wp-json\/wp\/v2\/product\/44209","targetHints":{"allow":["GET"]}}],"collection":[{"href":"https:\/\/zl.jewelry\/pl\/wp-json\/wp\/v2\/product"}],"about":[{"href":"https:\/\/zl.jewelry\/pl\/wp-json\/wp\/v2\/types\/product"}],"wp:featuredmedia":[{"embeddable":true,"href":"https:\/\/zl.jewelry\/pl\/wp-json\/wp\/v2\/media\/44210"}],"wp:attachment":[{"href":"https:\/\/zl.jewelry\/pl\/wp-json\/wp\/v2\/media?parent=44209"}],"wp:term":[{"taxonomy":"product_brand","embeddable":true,"href":"https:\/\/zl.jewelry\/pl\/wp-json\/wp\/v2\/product_brand?post=44209"},{"taxonomy":"product_cat","embeddable":true,"href":"https:\/\/zl.jewelry\/pl\/wp-json\/wp\/v2\/product_cat?post=44209"},{"taxonomy":"product_tag","embeddable":true,"href":"https:\/\/zl.jewelry\/pl\/wp-json\/wp\/v2\/product_tag?post=44209"}],"curies":[{"name":"wp","href":"https:\/\/api.w.org\/{rel}","templated":true}]}}