{"id":44207,"date":"2025-06-18T10:59:55","date_gmt":"2025-06-18T10:59:55","guid":{"rendered":"https:\/\/zl.jewelry\/product\/mens-ring-with-movable-stud\/"},"modified":"2025-09-26T18:30:38","modified_gmt":"2025-09-26T18:30:38","slug":"mens-ring-with-movable-stud","status":"publish","type":"product","link":"https:\/\/zl.jewelry\/pl\/product\/mens-ring-with-movable-stud\/","title":{"rendered":"M\u0119ska pier\u015bcionek z ruchomym \u0107wiekiem"},"content":{"rendered":"<p>Pier\u015bcionek w \u0142\u0105czonym kolorze metalu pr&oacute;by 585*, po bokach z cytrynowego z\u0142ota, \u015brodkowa cz\u0119\u015b\u0107 z bia\u0142ego z\u0142ota. Pier\u015bcionek w formie rolexa, plchoma sztabka, waga z\u0142ota zale\u017cy od rozmiapl pier\u015bcionka. Szeroko\u015b\u0107 najszerszej cz\u0119\u015bci wynosi 13 mm. Wstawki: szafir o \u015brednicy 7mm, brylanty 2mm wok&oacute;\u0142 szafipl &#8211; 19szt. Cz\u0119\u015bci z bia\u0142ego z\u0142ota pokryte rodem.<\/p>\n<p>_x000D_<\/p>\n","protected":false},"excerpt":{"rendered":"<p>Pier\u015bcionek w \u0142\u0105czonym kolorze metalu pr&oacute;by 585*, po bokach z cytrynowego z\u0142ota, \u015brodkowa cz\u0119\u015b\u0107 z bia\u0142ego z\u0142ota. Pier\u015bcionek w formie rolexa, plchoma sztabka, waga z\u0142ota zale\u017cy od rozmiapl pier\u015bcionka. Szeroko\u015b\u0107 najszerszej cz\u0119\u015bci wynosi 13 mm. Wstawki: szafir o \u015brednicy 7mm, brylanty 2mm wok&oacute;\u0142 szafipl &#8211; 19szt. Cz\u0119\u015bci z bia\u0142ego z\u0142ota pokryte rodem. _x000D_<\/p>\n","protected":false},"featured_media":44208,"template":"","meta":{"_acf_changed":false},"product_brand":[],"product_cat":[517,588],"product_tag":[],"class_list":{"0":"post-44207","1":"product","2":"type-product","3":"status-publish","4":"has-post-thumbnail","6":"product_cat-mens-rings-and-seals-pl","7":"product_cat-smooth-rings-pl","9":"first","10":"instock","11":"product-type-simple"},"acf":[],"_links":{"self":[{"href":"https:\/\/zl.jewelry\/pl\/wp-json\/wp\/v2\/product\/44207","targetHints":{"allow":["GET"]}}],"collection":[{"href":"https:\/\/zl.jewelry\/pl\/wp-json\/wp\/v2\/product"}],"about":[{"href":"https:\/\/zl.jewelry\/pl\/wp-json\/wp\/v2\/types\/product"}],"wp:featuredmedia":[{"embeddable":true,"href":"https:\/\/zl.jewelry\/pl\/wp-json\/wp\/v2\/media\/44208"}],"wp:attachment":[{"href":"https:\/\/zl.jewelry\/pl\/wp-json\/wp\/v2\/media?parent=44207"}],"wp:term":[{"taxonomy":"product_brand","embeddable":true,"href":"https:\/\/zl.jewelry\/pl\/wp-json\/wp\/v2\/product_brand?post=44207"},{"taxonomy":"product_cat","embeddable":true,"href":"https:\/\/zl.jewelry\/pl\/wp-json\/wp\/v2\/product_cat?post=44207"},{"taxonomy":"product_tag","embeddable":true,"href":"https:\/\/zl.jewelry\/pl\/wp-json\/wp\/v2\/product_tag?post=44207"}],"curies":[{"name":"wp","href":"https:\/\/api.w.org\/{rel}","templated":true}]}}