{"id":44205,"date":"2025-06-18T10:59:55","date_gmt":"2025-06-18T10:59:55","guid":{"rendered":"https:\/\/zl.jewelry\/product\/mens-ring-mercedes\/"},"modified":"2026-04-23T13:09:37","modified_gmt":"2026-04-23T13:09:37","slug":"mens-ring-mercedes","status":"publish","type":"product","link":"https:\/\/zl.jewelry\/pl\/product\/mens-ring-mercedes\/","title":{"rendered":"Sygnet m\u0119ski &#8222;Mercedes&#8221;"},"content":{"rendered":"<p>Pier\u015bcionek z czerwonego z\u0142ota pr\u00f3by 585*, waga zale\u017cy od rozmiapl. Wstawka z czarnego agatu, przybli\u017cona \u015brednica agatu 10mm. Po obu stronach znak zodiaku Wodnik, wizeplnek pokryty czarn\u0105 kred\u0105. Na \u015brodku sachti znajduje si\u0119 tabliczka &#8222;Mercedes&#8221; z bia\u0142ego z\u0142ota, kt\u00f3ra jest rodowana.<\/p>\n<p>&nbsp;<\/p>\n","protected":false},"excerpt":{"rendered":"<p>Pier\u015bcionek z czerwonego z\u0142ota pr\u00f3by 585*, waga zale\u017cy od rozmiapl. Wstawka z czarnego agatu, przybli\u017cona \u015brednica agatu 10mm. Po obu stronach znak zodiaku Wodnik, wizeplnek pokryty czarn\u0105 kred\u0105. Na \u015brodku sachti znajduje si\u0119 tabliczka &#8222;Mercedes&#8221; z bia\u0142ego z\u0142ota, kt\u00f3ra jest rodowana. &nbsp;<\/p>\n","protected":false},"featured_media":44206,"template":"","meta":{"_acf_changed":false},"product_brand":[],"product_cat":[517,589],"product_tag":[],"class_list":{"0":"post-44205","1":"product","2":"type-product","3":"status-publish","4":"has-post-thumbnail","6":"product_cat-mens-rings-and-seals-pl","7":"product_cat-signet-rings-pl","9":"first","10":"instock","11":"product-type-simple"},"acf":[],"_links":{"self":[{"href":"https:\/\/zl.jewelry\/pl\/wp-json\/wp\/v2\/product\/44205","targetHints":{"allow":["GET"]}}],"collection":[{"href":"https:\/\/zl.jewelry\/pl\/wp-json\/wp\/v2\/product"}],"about":[{"href":"https:\/\/zl.jewelry\/pl\/wp-json\/wp\/v2\/types\/product"}],"wp:featuredmedia":[{"embeddable":true,"href":"https:\/\/zl.jewelry\/pl\/wp-json\/wp\/v2\/media\/44206"}],"wp:attachment":[{"href":"https:\/\/zl.jewelry\/pl\/wp-json\/wp\/v2\/media?parent=44205"}],"wp:term":[{"taxonomy":"product_brand","embeddable":true,"href":"https:\/\/zl.jewelry\/pl\/wp-json\/wp\/v2\/product_brand?post=44205"},{"taxonomy":"product_cat","embeddable":true,"href":"https:\/\/zl.jewelry\/pl\/wp-json\/wp\/v2\/product_cat?post=44205"},{"taxonomy":"product_tag","embeddable":true,"href":"https:\/\/zl.jewelry\/pl\/wp-json\/wp\/v2\/product_tag?post=44205"}],"curies":[{"name":"wp","href":"https:\/\/api.w.org\/{rel}","templated":true}]}}