{"id":44201,"date":"2025-06-18T10:59:55","date_gmt":"2025-06-18T10:59:55","guid":{"rendered":"https:\/\/zl.jewelry\/product\/anchor-bracelet-with-prayer\/"},"modified":"2025-09-26T18:30:37","modified_gmt":"2025-09-26T18:30:37","slug":"anchor-bracelet-with-prayer","status":"publish","type":"product","link":"https:\/\/zl.jewelry\/pl\/product\/anchor-bracelet-with-prayer\/","title":{"rendered":"Bransoletka \u201eKotwica\u201d z modlitw\u0105"},"content":{"rendered":"<p>Bransoletka sk\u00f3rzana, w kolorze cytrynowym i bia\u0142ego z\u0142ota pr\u00f3by 585*. Zapi\u0119cie &#8211; wk\u0142adka z&nbsp;kotwic\u0105, kt\u00f3r\u0105 przewleka si\u0119 przez p\u0119telk\u0119 ze sznurka na ko\u0144cu. Na bransoletce wstawki z epoletami, z twarzami Matki Boskiej i \u015bw. Miko\u0142aja, a tak\u017ce wstawka z modlitw\u0105 \u201eOjcze nasz\u201d. Sznur ma \u015brednic\u0119 5 mm. Waga z\u0142ota w bransoletce wynosi 26 gram\u00f3w. Tarcze na wstawkach pokryte rodem. R\u00f3wnie\u017c wstawki pokryte niello.<\/p>\n","protected":false},"excerpt":{"rendered":"<p>Bransoletka sk\u00f3rzana, w kolorze cytrynowym i bia\u0142ego z\u0142ota pr\u00f3by 585*. Zapi\u0119cie &#8211; wk\u0142adka z&nbsp;kotwic\u0105, kt\u00f3r\u0105 przewleka si\u0119 przez p\u0119telk\u0119 ze sznurka na ko\u0144cu. Na bransoletce wstawki z epoletami, z twarzami Matki Boskiej i \u015bw. Miko\u0142aja, a tak\u017ce wstawka z modlitw\u0105 \u201eOjcze nasz\u201d. Sznur ma \u015brednic\u0119 5 mm. Waga z\u0142ota w bransoletce wynosi 26 gram\u00f3w. Tarcze&#8230;<\/p>\n","protected":false},"featured_media":44202,"template":"","meta":{"_acf_changed":false},"product_brand":[],"product_cat":[552,553,557,560,561],"product_tag":[],"class_list":{"0":"post-44201","1":"product","2":"type-product","3":"status-publish","4":"has-post-thumbnail","6":"product_cat-jewelry-for-sailors-pl","7":"product_cat-bracelets-2-pl","8":"product_cat-bracelets-pl","9":"product_cat-gold-bracelets-up-to-30-gr-pl","10":"product_cat-leather-bracelets-with-gold-inserts-pl","12":"first","13":"instock","14":"product-type-simple"},"acf":[],"_links":{"self":[{"href":"https:\/\/zl.jewelry\/pl\/wp-json\/wp\/v2\/product\/44201","targetHints":{"allow":["GET"]}}],"collection":[{"href":"https:\/\/zl.jewelry\/pl\/wp-json\/wp\/v2\/product"}],"about":[{"href":"https:\/\/zl.jewelry\/pl\/wp-json\/wp\/v2\/types\/product"}],"wp:featuredmedia":[{"embeddable":true,"href":"https:\/\/zl.jewelry\/pl\/wp-json\/wp\/v2\/media\/44202"}],"wp:attachment":[{"href":"https:\/\/zl.jewelry\/pl\/wp-json\/wp\/v2\/media?parent=44201"}],"wp:term":[{"taxonomy":"product_brand","embeddable":true,"href":"https:\/\/zl.jewelry\/pl\/wp-json\/wp\/v2\/product_brand?post=44201"},{"taxonomy":"product_cat","embeddable":true,"href":"https:\/\/zl.jewelry\/pl\/wp-json\/wp\/v2\/product_cat?post=44201"},{"taxonomy":"product_tag","embeddable":true,"href":"https:\/\/zl.jewelry\/pl\/wp-json\/wp\/v2\/product_tag?post=44201"}],"curies":[{"name":"wp","href":"https:\/\/api.w.org\/{rel}","templated":true}]}}