{"id":44195,"date":"2025-06-18T10:59:55","date_gmt":"2025-06-18T10:59:55","guid":{"rendered":"https:\/\/zl.jewelry\/product\/cross-with-our-fathers-prayer\/"},"modified":"2025-09-26T18:30:37","modified_gmt":"2025-09-26T18:30:37","slug":"cross-with-our-fathers-prayer","status":"publish","type":"product","link":"https:\/\/zl.jewelry\/pl\/product\/cross-with-our-fathers-prayer\/","title":{"rendered":"Krzy\u017cyk z Modlitw\u0105 Pa\u0144sk\u0105"},"content":{"rendered":"<p>Unikalny krzy\u017c z czerwonego z\u0142ota. Na przedniej stronie po\u015brodku umieszczona jest razpyatie, po bokach wymodelowane s\u0105 twarze Primudra Sophia i Jerzego Zwyci\u0119zcy, w g\u00f3rnej cz\u0119\u015bci umieszczona jest Tr\u00f3jca \u015awi\u0119ta, a w dolnej \u015bw. Na tylnej stronie po\u015brodku znajduje si\u0119 Archanio\u0142 Micha\u0142, po bokach Pantelejmon Uzdrowiciel i Naj\u015bwi\u0119tsza Maryja Panna, u do\u0142u twarz \u015bwi\u0119tego Piotra i \u015bwi\u0119tego Paw\u0142a, u g\u00f3ry twarz Matki Boskiej z Dzieci\u0105tkiem. Krzy\u017c pokryty jest niello. Waga zale\u017cy od wymiar\u00f3w: ca\u0142kowita wysoko\u015b\u0107 krzy\u017ca 53 mm, waga z\u0142ota 39,67 gram\u00f3w. Wz\u00f3r mo\u017ce by\u0107 zmieniony zgodnie z \u017cyczeniem klienta.&nbsp;<\/p>\n","protected":false},"excerpt":{"rendered":"<p>Unikalny krzy\u017c z czerwonego z\u0142ota. Na przedniej stronie po\u015brodku umieszczona jest razpyatie, po bokach wymodelowane s\u0105 twarze Primudra Sophia i Jerzego Zwyci\u0119zcy, w g\u00f3rnej cz\u0119\u015bci umieszczona jest Tr\u00f3jca \u015awi\u0119ta, a w dolnej \u015bw. Na tylnej stronie po\u015brodku znajduje si\u0119 Archanio\u0142 Micha\u0142, po bokach Pantelejmon Uzdrowiciel i Naj\u015bwi\u0119tsza Maryja Panna, u do\u0142u twarz \u015bwi\u0119tego Piotra i&#8230;<\/p>\n","protected":false},"featured_media":44196,"template":"","meta":{"_acf_changed":false},"product_brand":[],"product_cat":[504,507,510],"product_tag":[],"class_list":{"0":"post-44195","1":"product","2":"type-product","3":"status-publish","4":"has-post-thumbnail","6":"product_cat-golden-crosses-pl","7":"product_cat-exclusive-golden-handmade-crosses-pl","8":"product_cat-mens-crosses-pl","10":"first","11":"instock","12":"product-type-simple"},"acf":[],"_links":{"self":[{"href":"https:\/\/zl.jewelry\/pl\/wp-json\/wp\/v2\/product\/44195","targetHints":{"allow":["GET"]}}],"collection":[{"href":"https:\/\/zl.jewelry\/pl\/wp-json\/wp\/v2\/product"}],"about":[{"href":"https:\/\/zl.jewelry\/pl\/wp-json\/wp\/v2\/types\/product"}],"wp:featuredmedia":[{"embeddable":true,"href":"https:\/\/zl.jewelry\/pl\/wp-json\/wp\/v2\/media\/44196"}],"wp:attachment":[{"href":"https:\/\/zl.jewelry\/pl\/wp-json\/wp\/v2\/media?parent=44195"}],"wp:term":[{"taxonomy":"product_brand","embeddable":true,"href":"https:\/\/zl.jewelry\/pl\/wp-json\/wp\/v2\/product_brand?post=44195"},{"taxonomy":"product_cat","embeddable":true,"href":"https:\/\/zl.jewelry\/pl\/wp-json\/wp\/v2\/product_cat?post=44195"},{"taxonomy":"product_tag","embeddable":true,"href":"https:\/\/zl.jewelry\/pl\/wp-json\/wp\/v2\/product_tag?post=44195"}],"curies":[{"name":"wp","href":"https:\/\/api.w.org\/{rel}","templated":true}]}}