{"id":44193,"date":"2025-06-18T10:59:55","date_gmt":"2025-06-18T10:59:55","guid":{"rendered":"https:\/\/zl.jewelry\/product\/our-father-cross-in-red-gold\/"},"modified":"2025-09-26T18:30:36","modified_gmt":"2025-09-26T18:30:36","slug":"our-father-cross-in-red-gold","status":"publish","type":"product","link":"https:\/\/zl.jewelry\/pl\/product\/our-father-cross-in-red-gold\/","title":{"rendered":"Krzy\u017c \u201eOjcze nasz\u201d z czerwonego z\u0142ota"},"content":{"rendered":"<p>Spersonalizowany krzy\u017c z czerwonego z\u0142ota pokryty czarn\u0105 emali\u0105. Kplcyfiks z bia\u0142ego z\u0142ota jest zamontowany na przedniej stronie w formie nak\u0142adki po\u015brodku. Po bokach znajduj\u0105 si\u0119 twarze \u015bwi\u0119tych: Matki Boskiej i Miko\u0142aja w bia\u0142ym z\u0142ocie, a tak\u017ce wymodelowana modlitwa &quot;Ojcze nasz&quot;.&nbsp; Z ty\u0142u znajduje si\u0119 napis &quot;Save and Preserve&quot; w j\u0119zyku ukrai\u0144skim oraz wymodelowane platformy do emalii.&nbsp; Waga jest zgodna z wymiarami, o przybli\u017conej ca\u0142kowitej wysoko\u015bci 50 mm, waga z\u0142ota w bi\u017cuterii wynosi 21,90 gram\u00f3w. Tabliczki z bia\u0142ego z\u0142ota s\u0105 rodowane. Model i wymiary bi\u017cuterii mog\u0105 zosta\u0107 zmienione zgodnie z \u017cyczeniem klienta.&nbsp;<\/p>\n","protected":false},"excerpt":{"rendered":"<p>Spersonalizowany krzy\u017c z czerwonego z\u0142ota pokryty czarn\u0105 emali\u0105. Kplcyfiks z bia\u0142ego z\u0142ota jest zamontowany na przedniej stronie w formie nak\u0142adki po\u015brodku. Po bokach znajduj\u0105 si\u0119 twarze \u015bwi\u0119tych: Matki Boskiej i Miko\u0142aja w bia\u0142ym z\u0142ocie, a tak\u017ce wymodelowana modlitwa &quot;Ojcze nasz&quot;.&nbsp; Z ty\u0142u znajduje si\u0119 napis &quot;Save and Preserve&quot; w j\u0119zyku ukrai\u0144skim oraz wymodelowane platformy do&#8230;<\/p>\n","protected":false},"featured_media":44194,"template":"","meta":{"_acf_changed":false},"product_brand":[],"product_cat":[510,504],"product_tag":[],"class_list":{"0":"post-44193","1":"product","2":"type-product","3":"status-publish","4":"has-post-thumbnail","6":"product_cat-mens-crosses-pl","7":"product_cat-golden-crosses-pl","9":"first","10":"instock","11":"product-type-simple"},"acf":[],"_links":{"self":[{"href":"https:\/\/zl.jewelry\/pl\/wp-json\/wp\/v2\/product\/44193","targetHints":{"allow":["GET"]}}],"collection":[{"href":"https:\/\/zl.jewelry\/pl\/wp-json\/wp\/v2\/product"}],"about":[{"href":"https:\/\/zl.jewelry\/pl\/wp-json\/wp\/v2\/types\/product"}],"wp:featuredmedia":[{"embeddable":true,"href":"https:\/\/zl.jewelry\/pl\/wp-json\/wp\/v2\/media\/44194"}],"wp:attachment":[{"href":"https:\/\/zl.jewelry\/pl\/wp-json\/wp\/v2\/media?parent=44193"}],"wp:term":[{"taxonomy":"product_brand","embeddable":true,"href":"https:\/\/zl.jewelry\/pl\/wp-json\/wp\/v2\/product_brand?post=44193"},{"taxonomy":"product_cat","embeddable":true,"href":"https:\/\/zl.jewelry\/pl\/wp-json\/wp\/v2\/product_cat?post=44193"},{"taxonomy":"product_tag","embeddable":true,"href":"https:\/\/zl.jewelry\/pl\/wp-json\/wp\/v2\/product_tag?post=44193"}],"curies":[{"name":"wp","href":"https:\/\/api.w.org\/{rel}","templated":true}]}}