{"id":44191,"date":"2025-06-18T10:59:55","date_gmt":"2025-06-18T10:59:55","guid":{"rendered":"https:\/\/zl.jewelry\/product\/our-father-cross-in-white-gold\/"},"modified":"2025-09-26T18:30:36","modified_gmt":"2025-09-26T18:30:36","slug":"our-father-cross-in-white-gold","status":"publish","type":"product","link":"https:\/\/zl.jewelry\/pl\/product\/our-father-cross-in-white-gold\/","title":{"rendered":"Krzy\u017cyk \u201eOjcze nasz\u201d z bia\u0142ego z\u0142ota"},"content":{"rendered":"<p>Krzy\u017c z bia\u0142ego z\u0142ota, kplcyfiks z cytrynowego z\u0142ota pr\u00f3by 585*. Waga z\u0142ota w krzy\u017cyku wynosi 24,32 grama.&nbsp; Obr\u0119cz pokryta jest czarn\u0105 emali\u0105 na przedniej stronie, na ko\u0144cu, uchu&nbsp; i na tylnej stronie. Na tylnej stronie znajduje si\u0119 modlitwa&quot;Ojcze nasz&quot;. Na ko\u0144cu krzy\u017cyka znajduj\u0105 si\u0119 dwie twarze Matki Boskiej oraz Anio\u0142a Str\u00f3\u017ca, a tak\u017ce napis &quot;Chro\u0144 mnie Panie od wszelakich utrapie\u0144&#8221;.) Na uchwycie z przodu znajduje si\u0119 twarz Jezusa, na odwrocie znajduje si\u0119 Gwiazda Dawida.&nbsp; Na przedniej stronie znajduj\u0105 si\u0119 diamenty o \u015brednicy 2,5 mm. Krzy\u017c jest pokryty rodem.<\/p>\n","protected":false},"excerpt":{"rendered":"<p>Krzy\u017c z bia\u0142ego z\u0142ota, kplcyfiks z cytrynowego z\u0142ota pr\u00f3by 585*. Waga z\u0142ota w krzy\u017cyku wynosi 24,32 grama.&nbsp; Obr\u0119cz pokryta jest czarn\u0105 emali\u0105 na przedniej stronie, na ko\u0144cu, uchu&nbsp; i na tylnej stronie. Na tylnej stronie znajduje si\u0119 modlitwa&quot;Ojcze nasz&quot;. Na ko\u0144cu krzy\u017cyka znajduj\u0105 si\u0119 dwie twarze Matki Boskiej oraz Anio\u0142a Str\u00f3\u017ca, a tak\u017ce napis &quot;Chro\u0144&#8230;<\/p>\n","protected":false},"featured_media":44192,"template":"","meta":{"_acf_changed":false},"product_brand":[],"product_cat":[510,506,509,512,504],"product_tag":[],"class_list":{"0":"post-44191","1":"product","2":"type-product","3":"status-publish","4":"has-post-thumbnail","6":"product_cat-mens-crosses-pl","7":"product_cat-crosses-with-stones-pl","8":"product_cat-made-of-white-gold-pl","9":"product_cat-with-diamonds-pl","10":"product_cat-golden-crosses-pl","12":"first","13":"instock","14":"product-type-simple"},"acf":[],"_links":{"self":[{"href":"https:\/\/zl.jewelry\/pl\/wp-json\/wp\/v2\/product\/44191","targetHints":{"allow":["GET"]}}],"collection":[{"href":"https:\/\/zl.jewelry\/pl\/wp-json\/wp\/v2\/product"}],"about":[{"href":"https:\/\/zl.jewelry\/pl\/wp-json\/wp\/v2\/types\/product"}],"wp:featuredmedia":[{"embeddable":true,"href":"https:\/\/zl.jewelry\/pl\/wp-json\/wp\/v2\/media\/44192"}],"wp:attachment":[{"href":"https:\/\/zl.jewelry\/pl\/wp-json\/wp\/v2\/media?parent=44191"}],"wp:term":[{"taxonomy":"product_brand","embeddable":true,"href":"https:\/\/zl.jewelry\/pl\/wp-json\/wp\/v2\/product_brand?post=44191"},{"taxonomy":"product_cat","embeddable":true,"href":"https:\/\/zl.jewelry\/pl\/wp-json\/wp\/v2\/product_cat?post=44191"},{"taxonomy":"product_tag","embeddable":true,"href":"https:\/\/zl.jewelry\/pl\/wp-json\/wp\/v2\/product_tag?post=44191"}],"curies":[{"name":"wp","href":"https:\/\/api.w.org\/{rel}","templated":true}]}}