{"id":44189,"date":"2025-06-18T10:59:55","date_gmt":"2025-06-18T10:59:55","guid":{"rendered":"https:\/\/zl.jewelry\/product\/original-cross-in-white-gold\/"},"modified":"2025-09-26T18:30:36","modified_gmt":"2025-09-26T18:30:36","slug":"original-cross-in-white-gold","status":"publish","type":"product","link":"https:\/\/zl.jewelry\/pl\/product\/original-cross-in-white-gold\/","title":{"rendered":"&#8222;Original&#8221; krzy\u017c z bia\u0142ego z\u0142ota"},"content":{"rendered":"<p>Krzy\u017cyk z bia\u0142ego z\u0142ota pr&oacute;by 585*, na drewnie Eben. Waga z\u0142ota w krzy\u017cyku 27,59 grama, d\u0142ugo\u015b\u0107 bez uszka 55mm. Na wk\u0142adkach znajduje si\u0119 wizeplnek Anio\u0142a Str&oacute;\u017ca, a po bokach wzory, na uszku przedstawiona jest z przodu Chrisma, a z ty\u0142u Kr&oacute;lewska Lilia.&nbsp; Krzy\u017cyk jest rodowany.&nbsp; Model mo\u017ce by\u0107 spersonalizowany na \u017cyczenie klienta..<\/p>\n<p>_x000D_<\/p>\n","protected":false},"excerpt":{"rendered":"<p>Krzy\u017cyk z bia\u0142ego z\u0142ota pr&oacute;by 585*, na drewnie Eben. Waga z\u0142ota w krzy\u017cyku 27,59 grama, d\u0142ugo\u015b\u0107 bez uszka 55mm. Na wk\u0142adkach znajduje si\u0119 wizeplnek Anio\u0142a Str&oacute;\u017ca, a po bokach wzory, na uszku przedstawiona jest z przodu Chrisma, a z ty\u0142u Kr&oacute;lewska Lilia.&nbsp; Krzy\u017cyk jest rodowany.&nbsp; Model mo\u017ce by\u0107 spersonalizowany na \u017cyczenie klienta.. _x000D_<\/p>\n","protected":false},"featured_media":44190,"template":"","meta":{"_acf_changed":false},"product_brand":[],"product_cat":[504,505,510,511],"product_tag":[],"class_list":{"0":"post-44189","1":"product","2":"type-product","3":"status-publish","4":"has-post-thumbnail","6":"product_cat-golden-crosses-pl","7":"product_cat-crosses-for-children-pl","8":"product_cat-mens-crosses-pl","9":"product_cat-on-an-ebony-tree-2-pl","11":"first","12":"instock","13":"product-type-simple"},"acf":[],"_links":{"self":[{"href":"https:\/\/zl.jewelry\/pl\/wp-json\/wp\/v2\/product\/44189","targetHints":{"allow":["GET"]}}],"collection":[{"href":"https:\/\/zl.jewelry\/pl\/wp-json\/wp\/v2\/product"}],"about":[{"href":"https:\/\/zl.jewelry\/pl\/wp-json\/wp\/v2\/types\/product"}],"wp:featuredmedia":[{"embeddable":true,"href":"https:\/\/zl.jewelry\/pl\/wp-json\/wp\/v2\/media\/44190"}],"wp:attachment":[{"href":"https:\/\/zl.jewelry\/pl\/wp-json\/wp\/v2\/media?parent=44189"}],"wp:term":[{"taxonomy":"product_brand","embeddable":true,"href":"https:\/\/zl.jewelry\/pl\/wp-json\/wp\/v2\/product_brand?post=44189"},{"taxonomy":"product_cat","embeddable":true,"href":"https:\/\/zl.jewelry\/pl\/wp-json\/wp\/v2\/product_cat?post=44189"},{"taxonomy":"product_tag","embeddable":true,"href":"https:\/\/zl.jewelry\/pl\/wp-json\/wp\/v2\/product_tag?post=44189"}],"curies":[{"name":"wp","href":"https:\/\/api.w.org\/{rel}","templated":true}]}}