{"id":44187,"date":"2025-06-18T11:00:01","date_gmt":"2025-06-18T11:00:01","guid":{"rendered":"https:\/\/zl.jewelry\/product\/wedding-ring-spike-with-stones\/"},"modified":"2025-09-26T18:30:46","modified_gmt":"2025-09-26T18:30:46","slug":"wedding-ring-spike-with-stones","status":"publish","type":"product","link":"https:\/\/zl.jewelry\/pl\/product\/wedding-ring-spike-with-stones\/","title":{"rendered":"Obr\u0105czka \u015blubna &#8222;Spike&#8221; z kamieniami"},"content":{"rendered":"<p>Obr\u0105czka z cytrynowego z\u0142ota pr&oacute;by 585*, szeroko\u015b\u0107 obr\u0105czki 13mm. Na jednej kraw\u0119dzi brylanty oko\u0142o 2mm, w ilo\u015bci&nbsp;27 sztuk, oraz 2 szafiry w kolorze \u017c&oacute;\u0142tym i niebieskim, \u015brednica 2mm. W obr\u0105czce damskiej szafiry znajduj\u0105 si\u0119 pomi\u0119dzy brylantami, wy\u015brodkowane wzd\u0142u\u017c wzor&oacute;w kolc&oacute;w. Pier\u015bcionek m\u0119ski ma po\u015brodku wz&oacute;r k\u0142os&oacute;w, a po jednej stronie 2 szafiry, okr\u0105g\u0142e, niebieskie i \u017c&oacute;\u0142te, o \u015brednicy 2 mm.<\/p>\n<p>_x000D_<\/p>\n","protected":false},"excerpt":{"rendered":"<p>Obr\u0105czka z cytrynowego z\u0142ota pr&oacute;by 585*, szeroko\u015b\u0107 obr\u0105czki 13mm. Na jednej kraw\u0119dzi brylanty oko\u0142o 2mm, w ilo\u015bci&nbsp;27 sztuk, oraz 2 szafiry w kolorze \u017c&oacute;\u0142tym i niebieskim, \u015brednica 2mm. W obr\u0105czce damskiej szafiry znajduj\u0105 si\u0119 pomi\u0119dzy brylantami, wy\u015brodkowane wzd\u0142u\u017c wzor&oacute;w kolc&oacute;w. Pier\u015bcionek m\u0119ski ma po\u015brodku wz&oacute;r k\u0142os&oacute;w, a po jednej stronie 2 szafiry, okr\u0105g\u0142e, niebieskie i&#8230;<\/p>\n","protected":false},"featured_media":44188,"template":"","meta":{"_acf_changed":false},"product_brand":[],"product_cat":[528,532,537,535,531],"product_tag":[],"class_list":{"0":"post-44187","1":"product","2":"type-product","3":"status-publish","4":"has-post-thumbnail","6":"product_cat-wedding-rings-pl","7":"product_cat-lemon-gold-wedding-rings-pl","8":"product_cat-with-rocks-4-pl","9":"product_cat-wedding-rings-with-diamonds-pl","10":"product_cat-elite-wedding-rings-pl","12":"first","13":"instock","14":"product-type-simple"},"acf":[],"_links":{"self":[{"href":"https:\/\/zl.jewelry\/pl\/wp-json\/wp\/v2\/product\/44187","targetHints":{"allow":["GET"]}}],"collection":[{"href":"https:\/\/zl.jewelry\/pl\/wp-json\/wp\/v2\/product"}],"about":[{"href":"https:\/\/zl.jewelry\/pl\/wp-json\/wp\/v2\/types\/product"}],"wp:featuredmedia":[{"embeddable":true,"href":"https:\/\/zl.jewelry\/pl\/wp-json\/wp\/v2\/media\/44188"}],"wp:attachment":[{"href":"https:\/\/zl.jewelry\/pl\/wp-json\/wp\/v2\/media?parent=44187"}],"wp:term":[{"taxonomy":"product_brand","embeddable":true,"href":"https:\/\/zl.jewelry\/pl\/wp-json\/wp\/v2\/product_brand?post=44187"},{"taxonomy":"product_cat","embeddable":true,"href":"https:\/\/zl.jewelry\/pl\/wp-json\/wp\/v2\/product_cat?post=44187"},{"taxonomy":"product_tag","embeddable":true,"href":"https:\/\/zl.jewelry\/pl\/wp-json\/wp\/v2\/product_tag?post=44187"}],"curies":[{"name":"wp","href":"https:\/\/api.w.org\/{rel}","templated":true}]}}