{"id":44185,"date":"2025-06-18T11:00:01","date_gmt":"2025-06-18T11:00:01","guid":{"rendered":"https:\/\/zl.jewelry\/product\/together-forever-ring\/"},"modified":"2026-04-23T12:13:48","modified_gmt":"2026-04-23T12:13:48","slug":"together-forever-ring","status":"publish","type":"product","link":"https:\/\/zl.jewelry\/pl\/product\/together-forever-ring\/","title":{"rendered":"Pier\u015bcionek &#8222;Together Forever&#8221;"},"content":{"rendered":"<p>Oryginalny pier\u015bcionek, w kolorze czerwonego z\u0142ota. Waga jest w proporcji rozmiapl, przy rozmiarze 18,5 waga z\u0142ota w bi\u017cuterii to 8,70, szeroko\u015b\u0107 pier\u015bcionka to 10-11mm. W pier\u015bcionku osadzone s\u0105 kamienie o \u015brednicy ok. 1,5mm, kwadraty o wymiarach ok. 2,00&#215;2,00mm. Z przodu napis &#8222;Forever in my heart&#8221;\u00a0 na \u017cyczenie klientki.<\/p>\n","protected":false},"excerpt":{"rendered":"<p>Oryginalny pier\u015bcionek, w kolorze czerwonego z\u0142ota. Waga jest w proporcji rozmiapl, przy rozmiarze 18,5 waga z\u0142ota w bi\u017cuterii to 8,70, szeroko\u015b\u0107 pier\u015bcionka to 10-11mm. W pier\u015bcionku osadzone s\u0105 kamienie o \u015brednicy ok. 1,5mm, kwadraty o wymiarach ok. 2,00&#215;2,00mm. Z przodu napis &#8222;Forever in my heart&#8221;\u00a0 na \u017cyczenie klientki.<\/p>\n","protected":false},"featured_media":44186,"template":"","meta":{"_acf_changed":false},"product_brand":[],"product_cat":[518,519,514],"product_tag":[],"class_list":{"0":"post-44185","1":"product","2":"type-product","3":"status-publish","4":"has-post-thumbnail","6":"product_cat-red-gold-rings-pl","7":"product_cat-rings-with-diamonds-pl","8":"product_cat-golden-rings-pl","10":"first","11":"instock","12":"product-type-simple"},"acf":[],"_links":{"self":[{"href":"https:\/\/zl.jewelry\/pl\/wp-json\/wp\/v2\/product\/44185","targetHints":{"allow":["GET"]}}],"collection":[{"href":"https:\/\/zl.jewelry\/pl\/wp-json\/wp\/v2\/product"}],"about":[{"href":"https:\/\/zl.jewelry\/pl\/wp-json\/wp\/v2\/types\/product"}],"wp:featuredmedia":[{"embeddable":true,"href":"https:\/\/zl.jewelry\/pl\/wp-json\/wp\/v2\/media\/44186"}],"wp:attachment":[{"href":"https:\/\/zl.jewelry\/pl\/wp-json\/wp\/v2\/media?parent=44185"}],"wp:term":[{"taxonomy":"product_brand","embeddable":true,"href":"https:\/\/zl.jewelry\/pl\/wp-json\/wp\/v2\/product_brand?post=44185"},{"taxonomy":"product_cat","embeddable":true,"href":"https:\/\/zl.jewelry\/pl\/wp-json\/wp\/v2\/product_cat?post=44185"},{"taxonomy":"product_tag","embeddable":true,"href":"https:\/\/zl.jewelry\/pl\/wp-json\/wp\/v2\/product_tag?post=44185"}],"curies":[{"name":"wp","href":"https:\/\/api.w.org\/{rel}","templated":true}]}}