{"id":44183,"date":"2025-06-18T11:00:01","date_gmt":"2025-06-18T11:00:01","guid":{"rendered":"https:\/\/zl.jewelry\/product\/starry-love-wedding-ring-in-white-gold\/"},"modified":"2025-09-26T18:30:45","modified_gmt":"2025-09-26T18:30:45","slug":"starry-love-wedding-ring-in-white-gold","status":"publish","type":"product","link":"https:\/\/zl.jewelry\/pl\/product\/starry-love-wedding-ring-in-white-gold\/","title":{"rendered":"Pier\u015bcionek zar\u0119czynowy &#8222;Starry Love&#8221; z bia\u0142ego z\u0142ota"},"content":{"rendered":"<p>Obr\u0105czki \u015blubne w z\u0142ocie pr&oacute;by 585*. M\u0119skie w bia\u0142ym z\u0142ocie, damskie w \u017c&oacute;\u0142tym, szeroko\u015b\u0107 obr\u0105czek to 6mm. W damskiej obr\u0105czce wstawiony jest fianit, obr\u0105czka jest b\u0142yszcz\u0105ca. Obr\u0105czka m\u0119ska jest g\u0142adka, z fazowanymi kraw\u0119dziami obr\u0105czki, rodowana.<\/p>\n<p>_x000D_<\/p>\n","protected":false},"excerpt":{"rendered":"<p>Obr\u0105czki \u015blubne w z\u0142ocie pr&oacute;by 585*. M\u0119skie w bia\u0142ym z\u0142ocie, damskie w \u017c&oacute;\u0142tym, szeroko\u015b\u0107 obr\u0105czek to 6mm. W damskiej obr\u0105czce wstawiony jest fianit, obr\u0105czka jest b\u0142yszcz\u0105ca. Obr\u0105czka m\u0119ska jest g\u0142adka, z fazowanymi kraw\u0119dziami obr\u0105czki, rodowana. _x000D_<\/p>\n","protected":false},"featured_media":44184,"template":"","meta":{"_acf_changed":false},"product_brand":[],"product_cat":[528,536,531],"product_tag":[],"class_list":{"0":"post-44183","1":"product","2":"type-product","3":"status-publish","4":"has-post-thumbnail","6":"product_cat-wedding-rings-pl","7":"product_cat-white-gold-wedding-rings-pl","8":"product_cat-elite-wedding-rings-pl","10":"first","11":"instock","12":"product-type-simple"},"acf":[],"_links":{"self":[{"href":"https:\/\/zl.jewelry\/pl\/wp-json\/wp\/v2\/product\/44183","targetHints":{"allow":["GET"]}}],"collection":[{"href":"https:\/\/zl.jewelry\/pl\/wp-json\/wp\/v2\/product"}],"about":[{"href":"https:\/\/zl.jewelry\/pl\/wp-json\/wp\/v2\/types\/product"}],"wp:featuredmedia":[{"embeddable":true,"href":"https:\/\/zl.jewelry\/pl\/wp-json\/wp\/v2\/media\/44184"}],"wp:attachment":[{"href":"https:\/\/zl.jewelry\/pl\/wp-json\/wp\/v2\/media?parent=44183"}],"wp:term":[{"taxonomy":"product_brand","embeddable":true,"href":"https:\/\/zl.jewelry\/pl\/wp-json\/wp\/v2\/product_brand?post=44183"},{"taxonomy":"product_cat","embeddable":true,"href":"https:\/\/zl.jewelry\/pl\/wp-json\/wp\/v2\/product_cat?post=44183"},{"taxonomy":"product_tag","embeddable":true,"href":"https:\/\/zl.jewelry\/pl\/wp-json\/wp\/v2\/product_tag?post=44183"}],"curies":[{"name":"wp","href":"https:\/\/api.w.org\/{rel}","templated":true}]}}