{"id":44181,"date":"2025-06-18T11:00:01","date_gmt":"2025-06-18T11:00:01","guid":{"rendered":"https:\/\/zl.jewelry\/product\/starry-love-wedding-ring-in-lemon-gold\/"},"modified":"2025-09-26T18:30:45","modified_gmt":"2025-09-26T18:30:45","slug":"starry-love-wedding-ring-in-lemon-gold","status":"publish","type":"product","link":"https:\/\/zl.jewelry\/pl\/product\/starry-love-wedding-ring-in-lemon-gold\/","title":{"rendered":"Obr\u0105czka \u015blubna &#8222;Starry Love&#8221; z cytrynowego z\u0142ota"},"content":{"rendered":"<p>Obr\u0105czki \u015blubne w z\u0142ocie pr&oacute;by 585*. M\u0119skie w bia\u0142ym z\u0142ocie, damskie w \u017c&oacute;\u0142tym, szeroko\u015b\u0107 obr\u0105czek 6mm. W damskiej obr\u0105czce wstawiono fyanit, obr\u0105czka jest b\u0142yszcz\u0105ca. Obr\u0105czka m\u0119ska g\u0142adka, z fazowanymi kraw\u0119dziami obr\u0105czki, rodowana.<\/p>\n<p>_x000D_<\/p>\n","protected":false},"excerpt":{"rendered":"<p>Obr\u0105czki \u015blubne w z\u0142ocie pr&oacute;by 585*. M\u0119skie w bia\u0142ym z\u0142ocie, damskie w \u017c&oacute;\u0142tym, szeroko\u015b\u0107 obr\u0105czek 6mm. W damskiej obr\u0105czce wstawiono fyanit, obr\u0105czka jest b\u0142yszcz\u0105ca. Obr\u0105czka m\u0119ska g\u0142adka, z fazowanymi kraw\u0119dziami obr\u0105czki, rodowana. _x000D_<\/p>\n","protected":false},"featured_media":44182,"template":"","meta":{"_acf_changed":false},"product_brand":[],"product_cat":[528,532,537,535,531],"product_tag":[],"class_list":{"0":"post-44181","1":"product","2":"type-product","3":"status-publish","4":"has-post-thumbnail","6":"product_cat-wedding-rings-pl","7":"product_cat-lemon-gold-wedding-rings-pl","8":"product_cat-with-rocks-4-pl","9":"product_cat-wedding-rings-with-diamonds-pl","10":"product_cat-elite-wedding-rings-pl","12":"first","13":"instock","14":"product-type-simple"},"acf":[],"_links":{"self":[{"href":"https:\/\/zl.jewelry\/pl\/wp-json\/wp\/v2\/product\/44181","targetHints":{"allow":["GET"]}}],"collection":[{"href":"https:\/\/zl.jewelry\/pl\/wp-json\/wp\/v2\/product"}],"about":[{"href":"https:\/\/zl.jewelry\/pl\/wp-json\/wp\/v2\/types\/product"}],"wp:featuredmedia":[{"embeddable":true,"href":"https:\/\/zl.jewelry\/pl\/wp-json\/wp\/v2\/media\/44182"}],"wp:attachment":[{"href":"https:\/\/zl.jewelry\/pl\/wp-json\/wp\/v2\/media?parent=44181"}],"wp:term":[{"taxonomy":"product_brand","embeddable":true,"href":"https:\/\/zl.jewelry\/pl\/wp-json\/wp\/v2\/product_brand?post=44181"},{"taxonomy":"product_cat","embeddable":true,"href":"https:\/\/zl.jewelry\/pl\/wp-json\/wp\/v2\/product_cat?post=44181"},{"taxonomy":"product_tag","embeddable":true,"href":"https:\/\/zl.jewelry\/pl\/wp-json\/wp\/v2\/product_tag?post=44181"}],"curies":[{"name":"wp","href":"https:\/\/api.w.org\/{rel}","templated":true}]}}