{"id":44179,"date":"2025-06-18T11:00:01","date_gmt":"2025-06-18T11:00:01","guid":{"rendered":"https:\/\/zl.jewelry\/product\/royal-wedding-wedding-ring\/"},"modified":"2025-09-26T18:30:45","modified_gmt":"2025-09-26T18:30:45","slug":"royal-wedding-wedding-ring","status":"publish","type":"product","link":"https:\/\/zl.jewelry\/pl\/product\/royal-wedding-wedding-ring\/","title":{"rendered":"Obr\u0105czka \u015blubna &#8222;Royal Wedding&#8221;"},"content":{"rendered":"<p>Obr\u0105czki \u015blubne z bia\u0142ego z\u0142ota pr&oacute;by 750*, obr\u0105czki rodowane, szeroko\u015b\u0107 obr\u0105czek 5 mm.&nbsp; Obr\u0105czki w formie \u0142a\u0144cuszka, od frontu na dw&oacute;ch obr\u0105czkach wstawki z wizeplnkiem korony.<\/p>\n<p>_x000D_<\/p>\n","protected":false},"excerpt":{"rendered":"<p>Obr\u0105czki \u015blubne z bia\u0142ego z\u0142ota pr&oacute;by 750*, obr\u0105czki rodowane, szeroko\u015b\u0107 obr\u0105czek 5 mm.&nbsp; Obr\u0105czki w formie \u0142a\u0144cuszka, od frontu na dw&oacute;ch obr\u0105czkach wstawki z wizeplnkiem korony. _x000D_<\/p>\n","protected":false},"featured_media":44180,"template":"","meta":{"_acf_changed":false},"product_brand":[],"product_cat":[528,536,531],"product_tag":[],"class_list":{"0":"post-44179","1":"product","2":"type-product","3":"status-publish","4":"has-post-thumbnail","6":"product_cat-wedding-rings-pl","7":"product_cat-white-gold-wedding-rings-pl","8":"product_cat-elite-wedding-rings-pl","10":"first","11":"instock","12":"product-type-simple"},"acf":[],"_links":{"self":[{"href":"https:\/\/zl.jewelry\/pl\/wp-json\/wp\/v2\/product\/44179","targetHints":{"allow":["GET"]}}],"collection":[{"href":"https:\/\/zl.jewelry\/pl\/wp-json\/wp\/v2\/product"}],"about":[{"href":"https:\/\/zl.jewelry\/pl\/wp-json\/wp\/v2\/types\/product"}],"wp:featuredmedia":[{"embeddable":true,"href":"https:\/\/zl.jewelry\/pl\/wp-json\/wp\/v2\/media\/44180"}],"wp:attachment":[{"href":"https:\/\/zl.jewelry\/pl\/wp-json\/wp\/v2\/media?parent=44179"}],"wp:term":[{"taxonomy":"product_brand","embeddable":true,"href":"https:\/\/zl.jewelry\/pl\/wp-json\/wp\/v2\/product_brand?post=44179"},{"taxonomy":"product_cat","embeddable":true,"href":"https:\/\/zl.jewelry\/pl\/wp-json\/wp\/v2\/product_cat?post=44179"},{"taxonomy":"product_tag","embeddable":true,"href":"https:\/\/zl.jewelry\/pl\/wp-json\/wp\/v2\/product_tag?post=44179"}],"curies":[{"name":"wp","href":"https:\/\/api.w.org\/{rel}","templated":true}]}}