{"id":44169,"date":"2025-06-18T11:00:01","date_gmt":"2025-06-18T11:00:01","guid":{"rendered":"https:\/\/zl.jewelry\/product\/stripes-wedding-ring\/"},"modified":"2025-09-26T18:30:44","modified_gmt":"2025-09-26T18:30:44","slug":"stripes-wedding-ring","status":"publish","type":"product","link":"https:\/\/zl.jewelry\/pl\/product\/stripes-wedding-ring\/","title":{"rendered":"Pier\u015bcionek zar\u0119czynowy &#8222;Paski&#8221;"},"content":{"rendered":"<p>Obr\u0105czki \u015blubne w kombinacji kolor&oacute;w metalu, czerwonego z\u0142ota po bokach i bia\u0142ego z\u0142ota w \u015brodku. Szeroko\u015b\u0107 damskiej obr\u0105czki wynosi 7 mm, a m\u0119skiej 9 mm. Kamienie w damskiej obr\u0105czce to 1,5 mm diamenty (24 sztuki), w m\u0119skiej obr\u0105czce to 2 mm diamenty (27 sztuk). Elementy z rodowanego bia\u0142ego z\u0142ota.<\/p>\n<p>_x000D_<\/p>\n","protected":false},"excerpt":{"rendered":"<p>Obr\u0105czki \u015blubne w kombinacji kolor&oacute;w metalu, czerwonego z\u0142ota po bokach i bia\u0142ego z\u0142ota w \u015brodku. Szeroko\u015b\u0107 damskiej obr\u0105czki wynosi 7 mm, a m\u0119skiej 9 mm. Kamienie w damskiej obr\u0105czce to 1,5 mm diamenty (24 sztuki), w m\u0119skiej obr\u0105czce to 2 mm diamenty (27 sztuk). Elementy z rodowanego bia\u0142ego z\u0142ota. _x000D_<\/p>\n","protected":false},"featured_media":44170,"template":"","meta":{"_acf_changed":false},"product_brand":[],"product_cat":[528,530,537,535],"product_tag":[],"class_list":{"0":"post-44169","1":"product","2":"type-product","3":"status-publish","4":"has-post-thumbnail","6":"product_cat-wedding-rings-pl","7":"product_cat-combined-wedding-rings-pl","8":"product_cat-with-rocks-4-pl","9":"product_cat-wedding-rings-with-diamonds-pl","11":"first","12":"instock","13":"product-type-simple"},"acf":[],"_links":{"self":[{"href":"https:\/\/zl.jewelry\/pl\/wp-json\/wp\/v2\/product\/44169","targetHints":{"allow":["GET"]}}],"collection":[{"href":"https:\/\/zl.jewelry\/pl\/wp-json\/wp\/v2\/product"}],"about":[{"href":"https:\/\/zl.jewelry\/pl\/wp-json\/wp\/v2\/types\/product"}],"wp:featuredmedia":[{"embeddable":true,"href":"https:\/\/zl.jewelry\/pl\/wp-json\/wp\/v2\/media\/44170"}],"wp:attachment":[{"href":"https:\/\/zl.jewelry\/pl\/wp-json\/wp\/v2\/media?parent=44169"}],"wp:term":[{"taxonomy":"product_brand","embeddable":true,"href":"https:\/\/zl.jewelry\/pl\/wp-json\/wp\/v2\/product_brand?post=44169"},{"taxonomy":"product_cat","embeddable":true,"href":"https:\/\/zl.jewelry\/pl\/wp-json\/wp\/v2\/product_cat?post=44169"},{"taxonomy":"product_tag","embeddable":true,"href":"https:\/\/zl.jewelry\/pl\/wp-json\/wp\/v2\/product_tag?post=44169"}],"curies":[{"name":"wp","href":"https:\/\/api.w.org\/{rel}","templated":true}]}}