{"id":44167,"date":"2025-06-18T11:00:01","date_gmt":"2025-06-18T11:00:01","guid":{"rendered":"https:\/\/zl.jewelry\/product\/diamond-cut-wedding-ring\/"},"modified":"2025-09-26T18:30:44","modified_gmt":"2025-09-26T18:30:44","slug":"diamond-cut-wedding-ring","status":"publish","type":"product","link":"https:\/\/zl.jewelry\/pl\/product\/diamond-cut-wedding-ring\/","title":{"rendered":"Pier\u015bcionek zar\u0119czynowy z diamentem"},"content":{"rendered":"<p>Obr\u0105czki w kombinacji kolor\u00f3w z\u0142ota pr\u00f3by 585*. \u015arodek z cytrynowego z\u0142ota, boki z bia\u0142ego z\u0142ota, rodowane, szeroko\u015b\u0107 obr\u0105czek 7mm. W obr\u0105czce damskiej wstawione brylanty (3szt) \u015brednica 2,3mm.<\/p>\n","protected":false},"excerpt":{"rendered":"<p>Obr\u0105czki w kombinacji kolor\u00f3w z\u0142ota pr\u00f3by 585*. \u015arodek z cytrynowego z\u0142ota, boki z bia\u0142ego z\u0142ota, rodowane, szeroko\u015b\u0107 obr\u0105czek 7mm. W obr\u0105czce damskiej wstawione brylanty (3szt) \u015brednica 2,3mm.<\/p>\n","protected":false},"featured_media":44168,"template":"","meta":{"_acf_changed":false},"product_brand":[],"product_cat":[535,530,528,537],"product_tag":[],"class_list":{"0":"post-44167","1":"product","2":"type-product","3":"status-publish","4":"has-post-thumbnail","6":"product_cat-wedding-rings-with-diamonds-pl","7":"product_cat-combined-wedding-rings-pl","8":"product_cat-wedding-rings-pl","9":"product_cat-with-rocks-4-pl","11":"first","12":"instock","13":"product-type-simple"},"acf":[],"_links":{"self":[{"href":"https:\/\/zl.jewelry\/pl\/wp-json\/wp\/v2\/product\/44167","targetHints":{"allow":["GET"]}}],"collection":[{"href":"https:\/\/zl.jewelry\/pl\/wp-json\/wp\/v2\/product"}],"about":[{"href":"https:\/\/zl.jewelry\/pl\/wp-json\/wp\/v2\/types\/product"}],"wp:featuredmedia":[{"embeddable":true,"href":"https:\/\/zl.jewelry\/pl\/wp-json\/wp\/v2\/media\/44168"}],"wp:attachment":[{"href":"https:\/\/zl.jewelry\/pl\/wp-json\/wp\/v2\/media?parent=44167"}],"wp:term":[{"taxonomy":"product_brand","embeddable":true,"href":"https:\/\/zl.jewelry\/pl\/wp-json\/wp\/v2\/product_brand?post=44167"},{"taxonomy":"product_cat","embeddable":true,"href":"https:\/\/zl.jewelry\/pl\/wp-json\/wp\/v2\/product_cat?post=44167"},{"taxonomy":"product_tag","embeddable":true,"href":"https:\/\/zl.jewelry\/pl\/wp-json\/wp\/v2\/product_tag?post=44167"}],"curies":[{"name":"wp","href":"https:\/\/api.w.org\/{rel}","templated":true}]}}