{"id":44165,"date":"2025-06-18T11:00:01","date_gmt":"2025-06-18T11:00:01","guid":{"rendered":"https:\/\/zl.jewelry\/product\/wedding-ring-wonderful-patterns-in-red-gold\/"},"modified":"2025-09-26T18:30:43","modified_gmt":"2025-09-26T18:30:43","slug":"wedding-ring-wonderful-patterns-in-red-gold","status":"publish","type":"product","link":"https:\/\/zl.jewelry\/pl\/product\/wedding-ring-wonderful-patterns-in-red-gold\/","title":{"rendered":"Obr\u0105czka &#8222;Divine Patterns&#8221; z czerwonego z\u0142ota"},"content":{"rendered":"<p>Obr\u0105czki wykonane s\u0105 z czerwonego z\u0142ota pr&oacute;by 585* z niebieskimi i bezbarwnymi fianitami. Obr\u0105czki maj\u0105 9 mm szeroko\u015bci.<\/p>\n<p>_x000D_<\/p>\n","protected":false},"excerpt":{"rendered":"<p>Obr\u0105czki wykonane s\u0105 z czerwonego z\u0142ota pr&oacute;by 585* z niebieskimi i bezbarwnymi fianitami. Obr\u0105czki maj\u0105 9 mm szeroko\u015bci. _x000D_<\/p>\n","protected":false},"featured_media":44166,"template":"","meta":{"_acf_changed":false},"product_brand":[],"product_cat":[535,531,528,533,537],"product_tag":[],"class_list":{"0":"post-44165","1":"product","2":"type-product","3":"status-publish","4":"has-post-thumbnail","6":"product_cat-wedding-rings-with-diamonds-pl","7":"product_cat-elite-wedding-rings-pl","8":"product_cat-wedding-rings-pl","9":"product_cat-red-gold-wedding-rings-pl","10":"product_cat-with-rocks-4-pl","12":"first","13":"instock","14":"product-type-simple"},"acf":[],"_links":{"self":[{"href":"https:\/\/zl.jewelry\/pl\/wp-json\/wp\/v2\/product\/44165","targetHints":{"allow":["GET"]}}],"collection":[{"href":"https:\/\/zl.jewelry\/pl\/wp-json\/wp\/v2\/product"}],"about":[{"href":"https:\/\/zl.jewelry\/pl\/wp-json\/wp\/v2\/types\/product"}],"wp:featuredmedia":[{"embeddable":true,"href":"https:\/\/zl.jewelry\/pl\/wp-json\/wp\/v2\/media\/44166"}],"wp:attachment":[{"href":"https:\/\/zl.jewelry\/pl\/wp-json\/wp\/v2\/media?parent=44165"}],"wp:term":[{"taxonomy":"product_brand","embeddable":true,"href":"https:\/\/zl.jewelry\/pl\/wp-json\/wp\/v2\/product_brand?post=44165"},{"taxonomy":"product_cat","embeddable":true,"href":"https:\/\/zl.jewelry\/pl\/wp-json\/wp\/v2\/product_cat?post=44165"},{"taxonomy":"product_tag","embeddable":true,"href":"https:\/\/zl.jewelry\/pl\/wp-json\/wp\/v2\/product_tag?post=44165"}],"curies":[{"name":"wp","href":"https:\/\/api.w.org\/{rel}","templated":true}]}}