{"id":44161,"date":"2025-06-18T11:00:01","date_gmt":"2025-06-18T11:00:01","guid":{"rendered":"https:\/\/zl.jewelry\/product\/mechanism-ring-in-white-gold\/"},"modified":"2025-09-26T18:30:43","modified_gmt":"2025-09-26T18:30:43","slug":"mechanism-ring-in-white-gold","status":"publish","type":"product","link":"https:\/\/zl.jewelry\/pl\/product\/mechanism-ring-in-white-gold\/","title":{"rendered":"Pier\u015bcionek &#8222;Mechanism&#8221; z bia\u0142ego z\u0142ota"},"content":{"rendered":"<p>Wyj\u0105tkowy pier\u015bcionek z bia\u0142ego z\u0142ota z mechanizmem nap\u0119dowym. \u015arodek pier\u015bcionka wysadzany jest kamieniami o \u015brednicy 2,5 mm i 1,5 mm. Pier\u015bcionek jest rodowany. Waga bi\u017cuterii zale\u017cy od jej rozmiapl, przy rozmiarze 19 waga z\u0142ota w pier\u015bcionku wynosi 12,49 grama. Wz&oacute;r mo\u017ce zosta\u0107 zmieniony zgodnie z \u017cyczeniem klienta.<\/p>\n<p>_x000D_<\/p>\n","protected":false},"excerpt":{"rendered":"<p>Wyj\u0105tkowy pier\u015bcionek z bia\u0142ego z\u0142ota z mechanizmem nap\u0119dowym. \u015arodek pier\u015bcionka wysadzany jest kamieniami o \u015brednicy 2,5 mm i 1,5 mm. Pier\u015bcionek jest rodowany. Waga bi\u017cuterii zale\u017cy od jej rozmiapl, przy rozmiarze 19 waga z\u0142ota w pier\u015bcionku wynosi 12,49 grama. Wz&oacute;r mo\u017ce zosta\u0107 zmieniony zgodnie z \u017cyczeniem klienta. _x000D_<\/p>\n","protected":false},"featured_media":44162,"template":"","meta":{"_acf_changed":false},"product_brand":[],"product_cat":[517,588],"product_tag":[],"class_list":{"0":"post-44161","1":"product","2":"type-product","3":"status-publish","4":"has-post-thumbnail","6":"product_cat-mens-rings-and-seals-pl","7":"product_cat-smooth-rings-pl","9":"first","10":"instock","11":"product-type-simple"},"acf":[],"_links":{"self":[{"href":"https:\/\/zl.jewelry\/pl\/wp-json\/wp\/v2\/product\/44161","targetHints":{"allow":["GET"]}}],"collection":[{"href":"https:\/\/zl.jewelry\/pl\/wp-json\/wp\/v2\/product"}],"about":[{"href":"https:\/\/zl.jewelry\/pl\/wp-json\/wp\/v2\/types\/product"}],"wp:featuredmedia":[{"embeddable":true,"href":"https:\/\/zl.jewelry\/pl\/wp-json\/wp\/v2\/media\/44162"}],"wp:attachment":[{"href":"https:\/\/zl.jewelry\/pl\/wp-json\/wp\/v2\/media?parent=44161"}],"wp:term":[{"taxonomy":"product_brand","embeddable":true,"href":"https:\/\/zl.jewelry\/pl\/wp-json\/wp\/v2\/product_brand?post=44161"},{"taxonomy":"product_cat","embeddable":true,"href":"https:\/\/zl.jewelry\/pl\/wp-json\/wp\/v2\/product_cat?post=44161"},{"taxonomy":"product_tag","embeddable":true,"href":"https:\/\/zl.jewelry\/pl\/wp-json\/wp\/v2\/product_tag?post=44161"}],"curies":[{"name":"wp","href":"https:\/\/api.w.org\/{rel}","templated":true}]}}