{"id":44147,"date":"2025-06-18T11:00:07","date_gmt":"2025-06-18T11:00:07","guid":{"rendered":"https:\/\/zl.jewelry\/product\/hedgehog-ring\/"},"modified":"2025-09-26T18:30:51","modified_gmt":"2025-09-26T18:30:51","slug":"hedgehog-ring","status":"publish","type":"product","link":"https:\/\/zl.jewelry\/pl\/product\/hedgehog-ring\/","title":{"rendered":"Pier\u015bcionek \u201eJe\u017c\u201d"},"content":{"rendered":"<p>Pier\u015bcionek jest w kolorze cytrynowego z\u0142ota. Waga z\u0142ota w pier\u015bcionku wynosi 15 gram\u00f3w przy rozmiarze pier\u015bcionka 16,8. <\/p>\n","protected":false},"excerpt":{"rendered":"<p>Pier\u015bcionek jest w kolorze cytrynowego z\u0142ota. Waga z\u0142ota w pier\u015bcionku wynosi 15 gram\u00f3w przy rozmiarze pier\u015bcionka 16,8.<\/p>\n","protected":false},"featured_media":44148,"template":"","meta":{"_acf_changed":false},"product_brand":[],"product_cat":[514,515,516,521],"product_tag":[],"class_list":{"0":"post-44147","1":"product","2":"type-product","3":"status-publish","4":"has-post-thumbnail","6":"product_cat-golden-rings-pl","7":"product_cat-lemon-gold-rings-pl","8":"product_cat-massive-pl","9":"product_cat-with-pearls-pl","11":"first","12":"instock","13":"product-type-simple"},"acf":[],"_links":{"self":[{"href":"https:\/\/zl.jewelry\/pl\/wp-json\/wp\/v2\/product\/44147","targetHints":{"allow":["GET"]}}],"collection":[{"href":"https:\/\/zl.jewelry\/pl\/wp-json\/wp\/v2\/product"}],"about":[{"href":"https:\/\/zl.jewelry\/pl\/wp-json\/wp\/v2\/types\/product"}],"wp:featuredmedia":[{"embeddable":true,"href":"https:\/\/zl.jewelry\/pl\/wp-json\/wp\/v2\/media\/44148"}],"wp:attachment":[{"href":"https:\/\/zl.jewelry\/pl\/wp-json\/wp\/v2\/media?parent=44147"}],"wp:term":[{"taxonomy":"product_brand","embeddable":true,"href":"https:\/\/zl.jewelry\/pl\/wp-json\/wp\/v2\/product_brand?post=44147"},{"taxonomy":"product_cat","embeddable":true,"href":"https:\/\/zl.jewelry\/pl\/wp-json\/wp\/v2\/product_cat?post=44147"},{"taxonomy":"product_tag","embeddable":true,"href":"https:\/\/zl.jewelry\/pl\/wp-json\/wp\/v2\/product_tag?post=44147"}],"curies":[{"name":"wp","href":"https:\/\/api.w.org\/{rel}","templated":true}]}}