{"id":44145,"date":"2025-06-18T11:00:07","date_gmt":"2025-06-18T11:00:07","guid":{"rendered":"https:\/\/zl.jewelry\/product\/ring-pomegranate-flower\/"},"modified":"2025-09-26T18:30:51","modified_gmt":"2025-09-26T18:30:51","slug":"ring-pomegranate-flower","status":"publish","type":"product","link":"https:\/\/zl.jewelry\/pl\/product\/ring-pomegranate-flower\/","title":{"rendered":"Pier\u015bcionek &#8222;Kwiat granatu&#8221;"},"content":{"rendered":"<p>Oryginalny pier\u015bcionek z rozsypanymi kamieniami, w kszta\u0142cie kwiatu. Pier\u015bcionek wykonany jest z bia\u0142ego z\u0142ota i rodowany. Pier\u015bcionek ma 8,00 mm x 6,00 mm; 4,00 mm x 6,00 mm (8 sztuk); 2,00 mm (16 sztuk) kamieni. Waga jest proporcjonalna do rozmiapl, przy rozmiarze pier\u015bcionka 19,7, waga z\u0142ota w pier\u015bcionku wynosi 6,63 grama. Projekt mo\u017cna zmieni\u0107 zgodnie z \u017cyczeniem klienta.<\/p>\n<p>_x000D_<\/p>\n","protected":false},"excerpt":{"rendered":"<p>Oryginalny pier\u015bcionek z rozsypanymi kamieniami, w kszta\u0142cie kwiatu. Pier\u015bcionek wykonany jest z bia\u0142ego z\u0142ota i rodowany. Pier\u015bcionek ma 8,00 mm x 6,00 mm; 4,00 mm x 6,00 mm (8 sztuk); 2,00 mm (16 sztuk) kamieni. Waga jest proporcjonalna do rozmiapl, przy rozmiarze pier\u015bcionka 19,7, waga z\u0142ota w pier\u015bcionku wynosi 6,63 grama. Projekt mo\u017cna zmieni\u0107 zgodnie&#8230;<\/p>\n","protected":false},"featured_media":44146,"template":"","meta":{"_acf_changed":false},"product_brand":[],"product_cat":[514,518,522],"product_tag":[],"class_list":{"0":"post-44145","1":"product","2":"type-product","3":"status-publish","4":"has-post-thumbnail","6":"product_cat-golden-rings-pl","7":"product_cat-red-gold-rings-pl","8":"product_cat-with-rocks-pl","10":"first","11":"instock","12":"product-type-simple"},"acf":[],"_links":{"self":[{"href":"https:\/\/zl.jewelry\/pl\/wp-json\/wp\/v2\/product\/44145","targetHints":{"allow":["GET"]}}],"collection":[{"href":"https:\/\/zl.jewelry\/pl\/wp-json\/wp\/v2\/product"}],"about":[{"href":"https:\/\/zl.jewelry\/pl\/wp-json\/wp\/v2\/types\/product"}],"wp:featuredmedia":[{"embeddable":true,"href":"https:\/\/zl.jewelry\/pl\/wp-json\/wp\/v2\/media\/44146"}],"wp:attachment":[{"href":"https:\/\/zl.jewelry\/pl\/wp-json\/wp\/v2\/media?parent=44145"}],"wp:term":[{"taxonomy":"product_brand","embeddable":true,"href":"https:\/\/zl.jewelry\/pl\/wp-json\/wp\/v2\/product_brand?post=44145"},{"taxonomy":"product_cat","embeddable":true,"href":"https:\/\/zl.jewelry\/pl\/wp-json\/wp\/v2\/product_cat?post=44145"},{"taxonomy":"product_tag","embeddable":true,"href":"https:\/\/zl.jewelry\/pl\/wp-json\/wp\/v2\/product_tag?post=44145"}],"curies":[{"name":"wp","href":"https:\/\/api.w.org\/{rel}","templated":true}]}}