{"id":44143,"date":"2025-06-18T11:00:07","date_gmt":"2025-06-18T11:00:07","guid":{"rendered":"https:\/\/zl.jewelry\/product\/clover-studs-with-white-enamel\/"},"modified":"2025-09-26T18:30:51","modified_gmt":"2025-09-26T18:30:51","slug":"clover-studs-with-white-enamel","status":"publish","type":"product","link":"https:\/\/zl.jewelry\/pl\/product\/clover-studs-with-white-enamel\/","title":{"rendered":"Poussettes \u201eKoniczyna\u201d z bia\u0142\u0105 emali\u0105"},"content":{"rendered":"","protected":false},"excerpt":{"rendered":"","protected":false},"featured_media":44144,"template":"","meta":{"_acf_changed":false},"product_brand":[],"product_cat":[538,539,544,548,549],"product_tag":[],"class_list":{"0":"post-44143","1":"product","2":"type-product","3":"status-publish","4":"has-post-thumbnail","6":"product_cat-gold-earrings-pl","7":"product_cat-baby-pl","8":"product_cat-earrings-from-5gr-pl","9":"product_cat-earrings-with-stones-pl","10":"product_cat-studs-pl","12":"first","13":"instock","14":"product-type-simple"},"acf":[],"_links":{"self":[{"href":"https:\/\/zl.jewelry\/pl\/wp-json\/wp\/v2\/product\/44143","targetHints":{"allow":["GET"]}}],"collection":[{"href":"https:\/\/zl.jewelry\/pl\/wp-json\/wp\/v2\/product"}],"about":[{"href":"https:\/\/zl.jewelry\/pl\/wp-json\/wp\/v2\/types\/product"}],"wp:featuredmedia":[{"embeddable":true,"href":"https:\/\/zl.jewelry\/pl\/wp-json\/wp\/v2\/media\/44144"}],"wp:attachment":[{"href":"https:\/\/zl.jewelry\/pl\/wp-json\/wp\/v2\/media?parent=44143"}],"wp:term":[{"taxonomy":"product_brand","embeddable":true,"href":"https:\/\/zl.jewelry\/pl\/wp-json\/wp\/v2\/product_brand?post=44143"},{"taxonomy":"product_cat","embeddable":true,"href":"https:\/\/zl.jewelry\/pl\/wp-json\/wp\/v2\/product_cat?post=44143"},{"taxonomy":"product_tag","embeddable":true,"href":"https:\/\/zl.jewelry\/pl\/wp-json\/wp\/v2\/product_tag?post=44143"}],"curies":[{"name":"wp","href":"https:\/\/api.w.org\/{rel}","templated":true}]}}