{"id":44141,"date":"2025-06-18T11:00:07","date_gmt":"2025-06-18T11:00:07","guid":{"rendered":"https:\/\/zl.jewelry\/product\/earrings-cuffs-chantelles\/"},"modified":"2025-09-26T18:30:50","modified_gmt":"2025-09-26T18:30:50","slug":"earrings-cuffs-chantelles","status":"publish","type":"product","link":"https:\/\/zl.jewelry\/pl\/product\/earrings-cuffs-chantelles\/","title":{"rendered":"Kolczyki do mankiet\u00f3w \u201eLisy"},"content":{"rendered":"<p>Kolczyki &#8211; mankiety z cytrynowego z\u0142ota w kszta\u0142cie lisk\u00f3w. D\u0142ugo\u015b\u0107 kolczyk\u00f3w wynosi 20mm. Waga pary to 3,68 grama. Wz\u00f3r mo\u017ce zosta\u0107 zmieniony na \u017cyczenie klienta.&nbsp;<\/p>\n","protected":false},"excerpt":{"rendered":"<p>Kolczyki &#8211; mankiety z cytrynowego z\u0142ota w kszta\u0142cie lisk\u00f3w. D\u0142ugo\u015b\u0107 kolczyk\u00f3w wynosi 20mm. Waga pary to 3,68 grama. Wz\u00f3r mo\u017ce zosta\u0107 zmieniony na \u017cyczenie klienta.&nbsp;<\/p>\n","protected":false},"featured_media":44142,"template":"","meta":{"_acf_changed":false},"product_brand":[],"product_cat":[538,541,545,547],"product_tag":[],"class_list":{"0":"post-44141","1":"product","2":"type-product","3":"status-publish","4":"has-post-thumbnail","6":"product_cat-gold-earrings-pl","7":"product_cat-cuffs-pl","8":"product_cat-earrings-up-to-5g-pl","9":"product_cat-earrings-without-inserts-pl","11":"first","12":"instock","13":"product-type-simple"},"acf":[],"_links":{"self":[{"href":"https:\/\/zl.jewelry\/pl\/wp-json\/wp\/v2\/product\/44141","targetHints":{"allow":["GET"]}}],"collection":[{"href":"https:\/\/zl.jewelry\/pl\/wp-json\/wp\/v2\/product"}],"about":[{"href":"https:\/\/zl.jewelry\/pl\/wp-json\/wp\/v2\/types\/product"}],"wp:featuredmedia":[{"embeddable":true,"href":"https:\/\/zl.jewelry\/pl\/wp-json\/wp\/v2\/media\/44142"}],"wp:attachment":[{"href":"https:\/\/zl.jewelry\/pl\/wp-json\/wp\/v2\/media?parent=44141"}],"wp:term":[{"taxonomy":"product_brand","embeddable":true,"href":"https:\/\/zl.jewelry\/pl\/wp-json\/wp\/v2\/product_brand?post=44141"},{"taxonomy":"product_cat","embeddable":true,"href":"https:\/\/zl.jewelry\/pl\/wp-json\/wp\/v2\/product_cat?post=44141"},{"taxonomy":"product_tag","embeddable":true,"href":"https:\/\/zl.jewelry\/pl\/wp-json\/wp\/v2\/product_tag?post=44141"}],"curies":[{"name":"wp","href":"https:\/\/api.w.org\/{rel}","templated":true}]}}