{"id":44133,"date":"2025-06-18T11:00:07","date_gmt":"2025-06-18T11:00:07","guid":{"rendered":"https:\/\/zl.jewelry\/product\/dragons-earrings\/"},"modified":"2026-04-23T08:31:51","modified_gmt":"2026-04-23T08:31:51","slug":"dragons-earrings","status":"publish","type":"product","link":"https:\/\/zl.jewelry\/pl\/product\/dragons-earrings\/","title":{"rendered":"Kolczyki &#8222;Smoki&#8221;"},"content":{"rendered":"<p>Kolczyki z czerwonego z\u0142ota pr\u00f3by 585*, waga 19.77gms, d\u0142ugo\u015b\u0107 50mm. Kolczyki z zamkiem angielskim, czarne diamenty w oczach smok\u00f3w, \u015brednica 1mm.<\/p>\n","protected":false},"excerpt":{"rendered":"<p>Kolczyki z czerwonego z\u0142ota pr\u00f3by 585*, waga 19.77gms, d\u0142ugo\u015b\u0107 50mm. Kolczyki z zamkiem angielskim, czarne diamenty w oczach smok\u00f3w, \u015brednica 1mm.<\/p>\n","protected":false},"featured_media":44134,"template":"","meta":{"_acf_changed":false},"product_brand":[],"product_cat":[546,544,548,550,538],"product_tag":[],"class_list":{"0":"post-44133","1":"product","2":"type-product","3":"status-publish","4":"has-post-thumbnail","6":"product_cat-earrings-with-diamonds-pl","7":"product_cat-earrings-from-5gr-pl","8":"product_cat-earrings-with-stones-pl","9":"product_cat-with-cubic-zirkonia-pl","10":"product_cat-gold-earrings-pl","12":"first","13":"instock","14":"product-type-simple"},"acf":[],"_links":{"self":[{"href":"https:\/\/zl.jewelry\/pl\/wp-json\/wp\/v2\/product\/44133","targetHints":{"allow":["GET"]}}],"collection":[{"href":"https:\/\/zl.jewelry\/pl\/wp-json\/wp\/v2\/product"}],"about":[{"href":"https:\/\/zl.jewelry\/pl\/wp-json\/wp\/v2\/types\/product"}],"wp:featuredmedia":[{"embeddable":true,"href":"https:\/\/zl.jewelry\/pl\/wp-json\/wp\/v2\/media\/44134"}],"wp:attachment":[{"href":"https:\/\/zl.jewelry\/pl\/wp-json\/wp\/v2\/media?parent=44133"}],"wp:term":[{"taxonomy":"product_brand","embeddable":true,"href":"https:\/\/zl.jewelry\/pl\/wp-json\/wp\/v2\/product_brand?post=44133"},{"taxonomy":"product_cat","embeddable":true,"href":"https:\/\/zl.jewelry\/pl\/wp-json\/wp\/v2\/product_cat?post=44133"},{"taxonomy":"product_tag","embeddable":true,"href":"https:\/\/zl.jewelry\/pl\/wp-json\/wp\/v2\/product_tag?post=44133"}],"curies":[{"name":"wp","href":"https:\/\/api.w.org\/{rel}","templated":true}]}}