{"id":44129,"date":"2025-06-18T11:00:07","date_gmt":"2025-06-18T11:00:07","guid":{"rendered":"https:\/\/zl.jewelry\/product\/rope-with-a-guardian-angel\/"},"modified":"2025-09-26T18:30:49","modified_gmt":"2025-09-26T18:30:49","slug":"rope-with-a-guardian-angel","status":"publish","type":"product","link":"https:\/\/zl.jewelry\/pl\/product\/rope-with-a-guardian-angel\/","title":{"rendered":"Sznur z anio\u0142em str\u00f3\u017cem"},"content":{"rendered":"<p>\u015arednica liny 6mm z \u017cy\u0142kowaniem w czerwonym z\u0142ocie. Waga jest w proporcji \u015brednicy sznura i liczby vstvok, &nbsp; sze\u015b\u0107 wk\u0142adek i zamek waga z\u0142ota w bi\u017cuterii 35 gram\u00f3w.&nbsp; Zamek &#8211; pude\u0142ko o okr\u0105g\u0142ym kszta\u0142cie, z jednym zamkiem, na zamku modlitwa w j\u0119zyku ukrai\u0144skim. &quot;Chro\u0144 mnie&quot;, na szpilkach znajduj\u0105 si\u0119 acgels.&nbsp; &nbsp;Na wk\u0142adkach znajduje si\u0119 wizeplnek Archanio\u0142a Micha\u0142a + wk\u0142adki z chryzm\u0105.<\/p>\n","protected":false},"excerpt":{"rendered":"<p>\u015arednica liny 6mm z \u017cy\u0142kowaniem w czerwonym z\u0142ocie. Waga jest w proporcji \u015brednicy sznura i liczby vstvok, &nbsp; sze\u015b\u0107 wk\u0142adek i zamek waga z\u0142ota w bi\u017cuterii 35 gram\u00f3w.&nbsp; Zamek &#8211; pude\u0142ko o okr\u0105g\u0142ym kszta\u0142cie, z jednym zamkiem, na zamku modlitwa w j\u0119zyku ukrai\u0144skim. &quot;Chro\u0144 mnie&quot;, na szpilkach znajduj\u0105 si\u0119 acgels.&nbsp; &nbsp;Na wk\u0142adkach znajduje si\u0119 wizeplnek&#8230;<\/p>\n","protected":false},"featured_media":44130,"template":"","meta":{"_acf_changed":false},"product_brand":[],"product_cat":[496,499],"product_tag":[],"class_list":{"0":"post-44129","1":"product","2":"type-product","3":"status-publish","4":"has-post-thumbnail","6":"product_cat-jewelry-laces-pl","7":"product_cat-nylon-mens-pl","9":"first","10":"instock","11":"product-type-simple"},"acf":[],"_links":{"self":[{"href":"https:\/\/zl.jewelry\/pl\/wp-json\/wp\/v2\/product\/44129","targetHints":{"allow":["GET"]}}],"collection":[{"href":"https:\/\/zl.jewelry\/pl\/wp-json\/wp\/v2\/product"}],"about":[{"href":"https:\/\/zl.jewelry\/pl\/wp-json\/wp\/v2\/types\/product"}],"wp:featuredmedia":[{"embeddable":true,"href":"https:\/\/zl.jewelry\/pl\/wp-json\/wp\/v2\/media\/44130"}],"wp:attachment":[{"href":"https:\/\/zl.jewelry\/pl\/wp-json\/wp\/v2\/media?parent=44129"}],"wp:term":[{"taxonomy":"product_brand","embeddable":true,"href":"https:\/\/zl.jewelry\/pl\/wp-json\/wp\/v2\/product_brand?post=44129"},{"taxonomy":"product_cat","embeddable":true,"href":"https:\/\/zl.jewelry\/pl\/wp-json\/wp\/v2\/product_cat?post=44129"},{"taxonomy":"product_tag","embeddable":true,"href":"https:\/\/zl.jewelry\/pl\/wp-json\/wp\/v2\/product_tag?post=44129"}],"curies":[{"name":"wp","href":"https:\/\/api.w.org\/{rel}","templated":true}]}}