{"id":44127,"date":"2025-06-18T11:00:07","date_gmt":"2025-06-18T11:00:07","guid":{"rendered":"https:\/\/zl.jewelry\/product\/prayer-rope-in-white-gold\/"},"modified":"2025-09-26T18:30:49","modified_gmt":"2025-09-26T18:30:49","slug":"prayer-rope-in-white-gold","status":"publish","type":"product","link":"https:\/\/zl.jewelry\/pl\/product\/prayer-rope-in-white-gold\/","title":{"rendered":"Sznur z modlitw\u0105 z bia\u0142ego z\u0142ota"},"content":{"rendered":"","protected":false},"excerpt":{"rendered":"","protected":false},"featured_media":44128,"template":"","meta":{"_acf_changed":false},"product_brand":[],"product_cat":[499,496],"product_tag":[],"class_list":{"0":"post-44127","1":"product","2":"type-product","3":"status-publish","4":"has-post-thumbnail","6":"product_cat-nylon-mens-pl","7":"product_cat-jewelry-laces-pl","9":"first","10":"instock","11":"product-type-simple"},"acf":[],"_links":{"self":[{"href":"https:\/\/zl.jewelry\/pl\/wp-json\/wp\/v2\/product\/44127","targetHints":{"allow":["GET"]}}],"collection":[{"href":"https:\/\/zl.jewelry\/pl\/wp-json\/wp\/v2\/product"}],"about":[{"href":"https:\/\/zl.jewelry\/pl\/wp-json\/wp\/v2\/types\/product"}],"wp:featuredmedia":[{"embeddable":true,"href":"https:\/\/zl.jewelry\/pl\/wp-json\/wp\/v2\/media\/44128"}],"wp:attachment":[{"href":"https:\/\/zl.jewelry\/pl\/wp-json\/wp\/v2\/media?parent=44127"}],"wp:term":[{"taxonomy":"product_brand","embeddable":true,"href":"https:\/\/zl.jewelry\/pl\/wp-json\/wp\/v2\/product_brand?post=44127"},{"taxonomy":"product_cat","embeddable":true,"href":"https:\/\/zl.jewelry\/pl\/wp-json\/wp\/v2\/product_cat?post=44127"},{"taxonomy":"product_tag","embeddable":true,"href":"https:\/\/zl.jewelry\/pl\/wp-json\/wp\/v2\/product_tag?post=44127"}],"curies":[{"name":"wp","href":"https:\/\/api.w.org\/{rel}","templated":true}]}}