{"id":44125,"date":"2025-06-18T11:00:07","date_gmt":"2025-06-18T11:00:07","guid":{"rendered":"https:\/\/zl.jewelry\/product\/rope-with-geometric-inserts-6mm\/"},"modified":"2025-09-26T18:30:49","modified_gmt":"2025-09-26T18:30:49","slug":"rope-with-geometric-inserts-6mm","status":"publish","type":"product","link":"https:\/\/zl.jewelry\/pl\/product\/rope-with-geometric-inserts-6mm\/","title":{"rendered":"Sznur z geometrycznymi wstawkami, 6mm"},"content":{"rendered":"<p>Sznur jubilerski z wstawkami z czerwonego z\u0142ota. Wstawki maj\u0105 geometryczny kszta\u0142t, s\u0105 g\u0142adkie, zapi\u0119cie to pude\u0142ko z pojedynczym zamkiem, wykonane tak, aby pasowa\u0142o do stylu ogniwa. Waga zale\u017cy od \u015brednicy linki i liczby z\u0142otych wstawek. Przy \u015brednicy linki 6 mm i pi\u0119ciu z\u0142otych wstawkach, waga z\u0142ota w bi\u017cuterii wynosi 15,51 grama. Wz\u00f3r mo\u017ce zosta\u0107 zmieniony zgodnie z \u017cyczeniem klienta.&nbsp;<\/p>\n","protected":false},"excerpt":{"rendered":"<p>Sznur jubilerski z wstawkami z czerwonego z\u0142ota. Wstawki maj\u0105 geometryczny kszta\u0142t, s\u0105 g\u0142adkie, zapi\u0119cie to pude\u0142ko z pojedynczym zamkiem, wykonane tak, aby pasowa\u0142o do stylu ogniwa. Waga zale\u017cy od \u015brednicy linki i liczby z\u0142otych wstawek. Przy \u015brednicy linki 6 mm i pi\u0119ciu z\u0142otych wstawkach, waga z\u0142ota w bi\u017cuterii wynosi 15,51 grama. Wz\u00f3r mo\u017ce zosta\u0107 zmieniony&#8230;<\/p>\n","protected":false},"featured_media":44126,"template":"","meta":{"_acf_changed":false},"product_brand":[],"product_cat":[496,499],"product_tag":[],"class_list":{"0":"post-44125","1":"product","2":"type-product","3":"status-publish","4":"has-post-thumbnail","6":"product_cat-jewelry-laces-pl","7":"product_cat-nylon-mens-pl","9":"first","10":"instock","11":"product-type-simple"},"acf":[],"_links":{"self":[{"href":"https:\/\/zl.jewelry\/pl\/wp-json\/wp\/v2\/product\/44125","targetHints":{"allow":["GET"]}}],"collection":[{"href":"https:\/\/zl.jewelry\/pl\/wp-json\/wp\/v2\/product"}],"about":[{"href":"https:\/\/zl.jewelry\/pl\/wp-json\/wp\/v2\/types\/product"}],"wp:featuredmedia":[{"embeddable":true,"href":"https:\/\/zl.jewelry\/pl\/wp-json\/wp\/v2\/media\/44126"}],"wp:attachment":[{"href":"https:\/\/zl.jewelry\/pl\/wp-json\/wp\/v2\/media?parent=44125"}],"wp:term":[{"taxonomy":"product_brand","embeddable":true,"href":"https:\/\/zl.jewelry\/pl\/wp-json\/wp\/v2\/product_brand?post=44125"},{"taxonomy":"product_cat","embeddable":true,"href":"https:\/\/zl.jewelry\/pl\/wp-json\/wp\/v2\/product_cat?post=44125"},{"taxonomy":"product_tag","embeddable":true,"href":"https:\/\/zl.jewelry\/pl\/wp-json\/wp\/v2\/product_tag?post=44125"}],"curies":[{"name":"wp","href":"https:\/\/api.w.org\/{rel}","templated":true}]}}