{"id":44121,"date":"2025-06-18T11:00:07","date_gmt":"2025-06-18T11:00:07","guid":{"rendered":"https:\/\/zl.jewelry\/product\/rope-with-gristle-3mm\/"},"modified":"2026-04-23T07:36:17","modified_gmt":"2026-04-23T07:36:17","slug":"rope-with-gristle-3mm","status":"publish","type":"product","link":"https:\/\/zl.jewelry\/pl\/product\/rope-with-gristle-3mm\/","title":{"rendered":"Sznur z chrystusem, 3 mm"},"content":{"rendered":"<p>Sznur jubilerski z inkplstacj\u0105 z czerwonego z\u0142ota. Sznur ma \u015brednic\u0119 3 mm, z zamkiem i ko\u0144cami, waga z\u0142ota w bi\u017cuterii wynosi 3,39 grama. Napis &#8222;Save and Preserve&#8221; i na zamku chrisma. Sznur jest pokryty niello.<\/p>\n","protected":false},"excerpt":{"rendered":"<p>Sznur jubilerski z inkplstacj\u0105 z czerwonego z\u0142ota. Sznur ma \u015brednic\u0119 3 mm, z zamkiem i ko\u0144cami, waga z\u0142ota w bi\u017cuterii wynosi 3,39 grama. Napis &#8222;Save and Preserve&#8221; i na zamku chrisma. Sznur jest pokryty niello.<\/p>\n","protected":false},"featured_media":44122,"template":"","meta":{"_acf_changed":false},"product_brand":[],"product_cat":[497,499,496],"product_tag":[],"class_list":{"0":"post-44121","1":"product","2":"type-product","3":"status-publish","4":"has-post-thumbnail","6":"product_cat-childrens-womens-pl","7":"product_cat-nylon-mens-pl","8":"product_cat-jewelry-laces-pl","10":"first","11":"instock","12":"product-type-simple"},"acf":[],"_links":{"self":[{"href":"https:\/\/zl.jewelry\/pl\/wp-json\/wp\/v2\/product\/44121","targetHints":{"allow":["GET"]}}],"collection":[{"href":"https:\/\/zl.jewelry\/pl\/wp-json\/wp\/v2\/product"}],"about":[{"href":"https:\/\/zl.jewelry\/pl\/wp-json\/wp\/v2\/types\/product"}],"wp:featuredmedia":[{"embeddable":true,"href":"https:\/\/zl.jewelry\/pl\/wp-json\/wp\/v2\/media\/44122"}],"wp:attachment":[{"href":"https:\/\/zl.jewelry\/pl\/wp-json\/wp\/v2\/media?parent=44121"}],"wp:term":[{"taxonomy":"product_brand","embeddable":true,"href":"https:\/\/zl.jewelry\/pl\/wp-json\/wp\/v2\/product_brand?post=44121"},{"taxonomy":"product_cat","embeddable":true,"href":"https:\/\/zl.jewelry\/pl\/wp-json\/wp\/v2\/product_cat?post=44121"},{"taxonomy":"product_tag","embeddable":true,"href":"https:\/\/zl.jewelry\/pl\/wp-json\/wp\/v2\/product_tag?post=44121"}],"curies":[{"name":"wp","href":"https:\/\/api.w.org\/{rel}","templated":true}]}}