{"id":44097,"date":"2025-06-18T11:00:13","date_gmt":"2025-06-18T11:00:13","guid":{"rendered":"https:\/\/zl.jewelry\/product\/starry-sky-engagement-ring\/"},"modified":"2025-09-26T18:30:54","modified_gmt":"2025-09-26T18:30:54","slug":"starry-sky-engagement-ring","status":"publish","type":"product","link":"https:\/\/zl.jewelry\/pl\/product\/starry-sky-engagement-ring\/","title":{"rendered":"Pier\u015bcionek zar\u0119czynowy &#8222;Starry sky&#8221;"},"content":{"rendered":"<p>Pier\u015bcionek z czerwonego z\u0142ota, przy rozmiarze 15,5 waga z\u0142ota 2,13 grama. Odlany na 4 n&oacute;\u017ckach, wstawki&nbsp;diament&oacute;w centralnie, o \u015brednicy 3,75mm; po bokach kamienie o \u015brednicy 1mm (10szt). Na ko\u0144cach wymodelowane w chaotycznym porz\u0105dku gwiazdki.<\/p>\n<p>_x000D_<\/p>\n","protected":false},"excerpt":{"rendered":"<p>Pier\u015bcionek z czerwonego z\u0142ota, przy rozmiarze 15,5 waga z\u0142ota 2,13 grama. Odlany na 4 n&oacute;\u017ckach, wstawki&nbsp;diament&oacute;w centralnie, o \u015brednicy 3,75mm; po bokach kamienie o \u015brednicy 1mm (10szt). Na ko\u0144cach wymodelowane w chaotycznym porz\u0105dku gwiazdki. _x000D_<\/p>\n","protected":false},"featured_media":44098,"template":"","meta":{"_acf_changed":false},"product_brand":[],"product_cat":[523,524,526],"product_tag":[],"class_list":{"0":"post-44097","1":"product","2":"type-product","3":"status-publish","4":"has-post-thumbnail","6":"product_cat-engagement-rings-pl","7":"product_cat-engagement-rings-with-diamonds-pl","8":"product_cat-red-gold-engagement-rings-pl","10":"first","11":"instock","12":"product-type-simple"},"acf":[],"_links":{"self":[{"href":"https:\/\/zl.jewelry\/pl\/wp-json\/wp\/v2\/product\/44097","targetHints":{"allow":["GET"]}}],"collection":[{"href":"https:\/\/zl.jewelry\/pl\/wp-json\/wp\/v2\/product"}],"about":[{"href":"https:\/\/zl.jewelry\/pl\/wp-json\/wp\/v2\/types\/product"}],"wp:featuredmedia":[{"embeddable":true,"href":"https:\/\/zl.jewelry\/pl\/wp-json\/wp\/v2\/media\/44098"}],"wp:attachment":[{"href":"https:\/\/zl.jewelry\/pl\/wp-json\/wp\/v2\/media?parent=44097"}],"wp:term":[{"taxonomy":"product_brand","embeddable":true,"href":"https:\/\/zl.jewelry\/pl\/wp-json\/wp\/v2\/product_brand?post=44097"},{"taxonomy":"product_cat","embeddable":true,"href":"https:\/\/zl.jewelry\/pl\/wp-json\/wp\/v2\/product_cat?post=44097"},{"taxonomy":"product_tag","embeddable":true,"href":"https:\/\/zl.jewelry\/pl\/wp-json\/wp\/v2\/product_tag?post=44097"}],"curies":[{"name":"wp","href":"https:\/\/api.w.org\/{rel}","templated":true}]}}