{"id":44091,"date":"2025-06-18T11:00:13","date_gmt":"2025-06-18T11:00:13","guid":{"rendered":"https:\/\/zl.jewelry\/product\/shaped-cross-in-lemon-gold\/"},"modified":"2025-09-26T18:30:54","modified_gmt":"2025-09-26T18:30:54","slug":"shaped-cross-in-lemon-gold","status":"publish","type":"product","link":"https:\/\/zl.jewelry\/pl\/product\/shaped-cross-in-lemon-gold\/","title":{"rendered":"Krzy\u017c w kszta\u0142cie cytrynowego z\u0142ota"},"content":{"rendered":"<p>Krzy\u017cyk w po\u0142\u0105czeniu cytrynowego i bia\u0142ego z\u0142ota. Waga zmienia si\u0119 wraz ze zmian\u0105 wymiar\u00f3w, przy przybli\u017conej wysoko\u015bci krzy\u017cyka bez uszka 40 mm, waga z\u0142ota w bi\u017cuterii wynosi 36,64 grama. Na przedniej stronie figuratywna nak\u0142adka, na uszku wizeplnek Miko\u0142aja Cudotw\u00f3rcy. Z ty\u0142u na uchu znajduje si\u0119 wizeplnek Jerzego Zwyci\u0119zcy oraz krzy\u017c o matowej powierzchni. Nak\u0142adki z bia\u0142ego z\u0142ota, rodowane.<\/p>\n","protected":false},"excerpt":{"rendered":"<p>Krzy\u017cyk w po\u0142\u0105czeniu cytrynowego i bia\u0142ego z\u0142ota. Waga zmienia si\u0119 wraz ze zmian\u0105 wymiar\u00f3w, przy przybli\u017conej wysoko\u015bci krzy\u017cyka bez uszka 40 mm, waga z\u0142ota w bi\u017cuterii wynosi 36,64 grama. Na przedniej stronie figuratywna nak\u0142adka, na uszku wizeplnek Miko\u0142aja Cudotw\u00f3rcy. Z ty\u0142u na uchu znajduje si\u0119 wizeplnek Jerzego Zwyci\u0119zcy oraz krzy\u017c o matowej powierzchni. Nak\u0142adki z&#8230;<\/p>\n","protected":false},"featured_media":44092,"template":"","meta":{"_acf_changed":false},"product_brand":[],"product_cat":[504,507,510],"product_tag":[],"class_list":{"0":"post-44091","1":"product","2":"type-product","3":"status-publish","4":"has-post-thumbnail","6":"product_cat-golden-crosses-pl","7":"product_cat-exclusive-golden-handmade-crosses-pl","8":"product_cat-mens-crosses-pl","10":"first","11":"instock","12":"product-type-simple"},"acf":[],"_links":{"self":[{"href":"https:\/\/zl.jewelry\/pl\/wp-json\/wp\/v2\/product\/44091","targetHints":{"allow":["GET"]}}],"collection":[{"href":"https:\/\/zl.jewelry\/pl\/wp-json\/wp\/v2\/product"}],"about":[{"href":"https:\/\/zl.jewelry\/pl\/wp-json\/wp\/v2\/types\/product"}],"wp:featuredmedia":[{"embeddable":true,"href":"https:\/\/zl.jewelry\/pl\/wp-json\/wp\/v2\/media\/44092"}],"wp:attachment":[{"href":"https:\/\/zl.jewelry\/pl\/wp-json\/wp\/v2\/media?parent=44091"}],"wp:term":[{"taxonomy":"product_brand","embeddable":true,"href":"https:\/\/zl.jewelry\/pl\/wp-json\/wp\/v2\/product_brand?post=44091"},{"taxonomy":"product_cat","embeddable":true,"href":"https:\/\/zl.jewelry\/pl\/wp-json\/wp\/v2\/product_cat?post=44091"},{"taxonomy":"product_tag","embeddable":true,"href":"https:\/\/zl.jewelry\/pl\/wp-json\/wp\/v2\/product_tag?post=44091"}],"curies":[{"name":"wp","href":"https:\/\/api.w.org\/{rel}","templated":true}]}}