{"id":44081,"date":"2025-06-18T11:00:13","date_gmt":"2025-06-18T11:00:13","guid":{"rendered":"https:\/\/zl.jewelry\/product\/violin-bracelet\/"},"modified":"2025-09-26T18:30:53","modified_gmt":"2025-09-26T18:30:53","slug":"violin-bracelet","status":"publish","type":"product","link":"https:\/\/zl.jewelry\/pl\/product\/violin-bracelet\/","title":{"rendered":"Bransoletka \u201eSkrzypce\u201d"},"content":{"rendered":"<p>Bransoletka na sk\u00f3rze, w \u015brodku szeroko\u015b\u0107 sk\u00f3ry 7mm, po bokach sploty sk\u00f3ry 4mm. Bransoleta w kolorze czerwonego z\u0142ota, pr\u00f3ba 585*, waga z\u0142ota w bransolecie 24 gramy przy rozmiarze 19,5.&nbsp; Centralna wk\u0142adka w formie skrzypiec, zamykana na zamek, z jednym fusee.&nbsp;<\/p>\n<p>.<\/p>\n","protected":false},"excerpt":{"rendered":"<p>Bransoletka na sk\u00f3rze, w \u015brodku szeroko\u015b\u0107 sk\u00f3ry 7mm, po bokach sploty sk\u00f3ry 4mm. Bransoleta w kolorze czerwonego z\u0142ota, pr\u00f3ba 585*, waga z\u0142ota w bransolecie 24 gramy przy rozmiarze 19,5.&nbsp; Centralna wk\u0142adka w formie skrzypiec, zamykana na zamek, z jednym fusee.&nbsp; .<\/p>\n","protected":false},"featured_media":44082,"template":"","meta":{"_acf_changed":false},"product_brand":[],"product_cat":[557,560,561],"product_tag":[],"class_list":{"0":"post-44081","1":"product","2":"type-product","3":"status-publish","4":"has-post-thumbnail","6":"product_cat-bracelets-pl","7":"product_cat-gold-bracelets-up-to-30-gr-pl","8":"product_cat-leather-bracelets-with-gold-inserts-pl","10":"first","11":"instock","12":"product-type-simple"},"acf":[],"_links":{"self":[{"href":"https:\/\/zl.jewelry\/pl\/wp-json\/wp\/v2\/product\/44081","targetHints":{"allow":["GET"]}}],"collection":[{"href":"https:\/\/zl.jewelry\/pl\/wp-json\/wp\/v2\/product"}],"about":[{"href":"https:\/\/zl.jewelry\/pl\/wp-json\/wp\/v2\/types\/product"}],"wp:featuredmedia":[{"embeddable":true,"href":"https:\/\/zl.jewelry\/pl\/wp-json\/wp\/v2\/media\/44082"}],"wp:attachment":[{"href":"https:\/\/zl.jewelry\/pl\/wp-json\/wp\/v2\/media?parent=44081"}],"wp:term":[{"taxonomy":"product_brand","embeddable":true,"href":"https:\/\/zl.jewelry\/pl\/wp-json\/wp\/v2\/product_brand?post=44081"},{"taxonomy":"product_cat","embeddable":true,"href":"https:\/\/zl.jewelry\/pl\/wp-json\/wp\/v2\/product_cat?post=44081"},{"taxonomy":"product_tag","embeddable":true,"href":"https:\/\/zl.jewelry\/pl\/wp-json\/wp\/v2\/product_tag?post=44081"}],"curies":[{"name":"wp","href":"https:\/\/api.w.org\/{rel}","templated":true}]}}