{"id":44079,"date":"2025-06-18T11:00:13","date_gmt":"2025-06-18T11:00:13","guid":{"rendered":"https:\/\/zl.jewelry\/product\/rose-of-the-winds-rope-in-white-gold-2\/"},"modified":"2026-04-22T13:58:51","modified_gmt":"2026-04-22T13:58:51","slug":"rose-of-the-winds-rope-in-white-gold-2","status":"publish","type":"product","link":"https:\/\/zl.jewelry\/pl\/product\/rose-of-the-winds-rope-in-white-gold-2\/","title":{"rendered":"Sznur &#8222;R\u00f3\u017ca Wiatr\u00f3w&#8221; z bia\u0142ego z\u0142ota"},"content":{"rendered":"","protected":false},"excerpt":{"rendered":"","protected":false},"featured_media":44080,"template":"","meta":{"_acf_changed":false},"product_brand":[],"product_cat":[552],"product_tag":[],"class_list":{"0":"post-44079","1":"product","2":"type-product","3":"status-publish","4":"has-post-thumbnail","6":"product_cat-jewelry-for-sailors-pl","8":"first","9":"instock","10":"product-type-simple"},"acf":[],"_links":{"self":[{"href":"https:\/\/zl.jewelry\/pl\/wp-json\/wp\/v2\/product\/44079","targetHints":{"allow":["GET"]}}],"collection":[{"href":"https:\/\/zl.jewelry\/pl\/wp-json\/wp\/v2\/product"}],"about":[{"href":"https:\/\/zl.jewelry\/pl\/wp-json\/wp\/v2\/types\/product"}],"wp:featuredmedia":[{"embeddable":true,"href":"https:\/\/zl.jewelry\/pl\/wp-json\/wp\/v2\/media\/44080"}],"wp:attachment":[{"href":"https:\/\/zl.jewelry\/pl\/wp-json\/wp\/v2\/media?parent=44079"}],"wp:term":[{"taxonomy":"product_brand","embeddable":true,"href":"https:\/\/zl.jewelry\/pl\/wp-json\/wp\/v2\/product_brand?post=44079"},{"taxonomy":"product_cat","embeddable":true,"href":"https:\/\/zl.jewelry\/pl\/wp-json\/wp\/v2\/product_cat?post=44079"},{"taxonomy":"product_tag","embeddable":true,"href":"https:\/\/zl.jewelry\/pl\/wp-json\/wp\/v2\/product_tag?post=44079"}],"curies":[{"name":"wp","href":"https:\/\/api.w.org\/{rel}","templated":true}]}}