{"id":44050,"date":"2025-06-18T11:00:18","date_gmt":"2025-06-18T11:00:18","guid":{"rendered":"https:\/\/zl.jewelry\/product\/chain-initials-zodiac-sign\/"},"modified":"2026-04-22T12:56:11","modified_gmt":"2026-04-22T12:56:11","slug":"chain-initials-zodiac-sign","status":"publish","type":"product","link":"https:\/\/zl.jewelry\/pl\/product\/chain-initials-zodiac-sign\/","title":{"rendered":"\u0141a\u0144cuszek &#8222;Inicja\u0142y + znak zodiaku&#8221;"},"content":{"rendered":"<p>\u0141a\u0144cuszek w kombinacji kolopl z\u0142ota, czerwonego i bia\u0142ego, z\u0142oto pr\u00f3by 585*. Ma\u0142e ogniwa z bia\u0142ego z\u0142ota i rodowane, du\u017ce ogniwa w kolorze czerwonym. Przy d\u0142ugo\u015bci 60 cm waga \u0142a\u0144cuszka wynosi 74,40 grama. Wk\u0142adki z bia\u0142ego z\u0142ota nosz\u0105 znak zodiaku Kozioro\u017cca. Na ogniwach z czerwonego z\u0142ota znajduj\u0105 si\u0119 inicja\u0142y i wzory. Obszary pod znakami zodiaku, inicja\u0142ami i dat\u0105 na zamku s\u0105 emaliowane. Pude\u0142ko zamka jest wykonane zgodnie z wygl\u0105dem zamka, na zamku daty. Rozmiar ma\u0142ych ogniw 10,29 mm, du\u017cych ogniw 16,28 mm.<\/p>\n","protected":false},"excerpt":{"rendered":"<p>\u0141a\u0144cuszek w kombinacji kolopl z\u0142ota, czerwonego i bia\u0142ego, z\u0142oto pr\u00f3by 585*. Ma\u0142e ogniwa z bia\u0142ego z\u0142ota i rodowane, du\u017ce ogniwa w kolorze czerwonym. Przy d\u0142ugo\u015bci 60 cm waga \u0142a\u0144cuszka wynosi 74,40 grama. Wk\u0142adki z bia\u0142ego z\u0142ota nosz\u0105 znak zodiaku Kozioro\u017cca. Na ogniwach z czerwonego z\u0142ota znajduj\u0105 si\u0119 inicja\u0142y i wzory. Obszary pod znakami zodiaku, inicja\u0142ami&#8230;<\/p>\n","protected":false},"featured_media":44051,"template":"","meta":{"_acf_changed":false},"product_brand":[],"product_cat":[493,490,492],"product_tag":[],"class_list":{"0":"post-44050","1":"product","2":"type-product","3":"status-publish","4":"has-post-thumbnail","6":"product_cat-mens-chains-pl","7":"product_cat-gold-chains","8":"product_cat-gold-chain-from-50-gr-pl","10":"first","11":"instock","12":"product-type-simple"},"acf":[],"_links":{"self":[{"href":"https:\/\/zl.jewelry\/pl\/wp-json\/wp\/v2\/product\/44050","targetHints":{"allow":["GET"]}}],"collection":[{"href":"https:\/\/zl.jewelry\/pl\/wp-json\/wp\/v2\/product"}],"about":[{"href":"https:\/\/zl.jewelry\/pl\/wp-json\/wp\/v2\/types\/product"}],"wp:featuredmedia":[{"embeddable":true,"href":"https:\/\/zl.jewelry\/pl\/wp-json\/wp\/v2\/media\/44051"}],"wp:attachment":[{"href":"https:\/\/zl.jewelry\/pl\/wp-json\/wp\/v2\/media?parent=44050"}],"wp:term":[{"taxonomy":"product_brand","embeddable":true,"href":"https:\/\/zl.jewelry\/pl\/wp-json\/wp\/v2\/product_brand?post=44050"},{"taxonomy":"product_cat","embeddable":true,"href":"https:\/\/zl.jewelry\/pl\/wp-json\/wp\/v2\/product_cat?post=44050"},{"taxonomy":"product_tag","embeddable":true,"href":"https:\/\/zl.jewelry\/pl\/wp-json\/wp\/v2\/product_tag?post=44050"}],"curies":[{"name":"wp","href":"https:\/\/api.w.org\/{rel}","templated":true}]}}