{"id":44044,"date":"2025-06-18T11:00:18","date_gmt":"2025-06-18T11:00:18","guid":{"rendered":"https:\/\/zl.jewelry\/product\/pendant-with-the-face-of-st-panteleimon\/"},"modified":"2025-09-26T18:31:00","modified_gmt":"2025-09-26T18:31:00","slug":"pendant-with-the-face-of-st-panteleimon","status":"publish","type":"product","link":"https:\/\/zl.jewelry\/pl\/product\/pendant-with-the-face-of-st-panteleimon\/","title":{"rendered":"Wisiorek z twarz\u0105 \u015bwi\u0119tego Pantelejmona"},"content":{"rendered":"<p>Wisiorek z czerwonego z\u0142ota pr&oacute;by 585*, waga 8 gram&oacute;w. Wisiorek w formie szewronu, wysoko\u015b\u0107 wisiorka bez uszka 20 mm, czaszka ze z\u0142ota, r&oacute;wnie\u017c elementy pokryte czarn\u0105 i czerwon\u0105 emali\u0105, napis powy\u017cej &quot;72 OMBR&quot; i rewers z twarz\u0105 \u015bwi\u0119tego Pantelejmona. Ucho w formie nausznicy, paski i kropki pokryte emali\u0105, ucho jest proporcjonalne do wisiorka.<\/p>\n<p>_x000D_<\/p>\n","protected":false},"excerpt":{"rendered":"<p>Wisiorek z czerwonego z\u0142ota pr&oacute;by 585*, waga 8 gram&oacute;w. Wisiorek w formie szewronu, wysoko\u015b\u0107 wisiorka bez uszka 20 mm, czaszka ze z\u0142ota, r&oacute;wnie\u017c elementy pokryte czarn\u0105 i czerwon\u0105 emali\u0105, napis powy\u017cej &quot;72 OMBR&quot; i rewers z twarz\u0105 \u015bwi\u0119tego Pantelejmona. Ucho w formie nausznicy, paski i kropki pokryte emali\u0105, ucho jest proporcjonalne do wisiorka. _x000D_<\/p>\n","protected":false},"featured_media":44045,"template":"","meta":{"_acf_changed":false},"product_brand":[],"product_cat":[563,568],"product_tag":[],"class_list":{"0":"post-44044","1":"product","2":"type-product","3":"status-publish","4":"has-post-thumbnail","6":"product_cat-gold-pendants-pl","7":"product_cat-without-inserts-2-pl","9":"first","10":"instock","11":"product-type-simple"},"acf":[],"_links":{"self":[{"href":"https:\/\/zl.jewelry\/pl\/wp-json\/wp\/v2\/product\/44044","targetHints":{"allow":["GET"]}}],"collection":[{"href":"https:\/\/zl.jewelry\/pl\/wp-json\/wp\/v2\/product"}],"about":[{"href":"https:\/\/zl.jewelry\/pl\/wp-json\/wp\/v2\/types\/product"}],"wp:featuredmedia":[{"embeddable":true,"href":"https:\/\/zl.jewelry\/pl\/wp-json\/wp\/v2\/media\/44045"}],"wp:attachment":[{"href":"https:\/\/zl.jewelry\/pl\/wp-json\/wp\/v2\/media?parent=44044"}],"wp:term":[{"taxonomy":"product_brand","embeddable":true,"href":"https:\/\/zl.jewelry\/pl\/wp-json\/wp\/v2\/product_brand?post=44044"},{"taxonomy":"product_cat","embeddable":true,"href":"https:\/\/zl.jewelry\/pl\/wp-json\/wp\/v2\/product_cat?post=44044"},{"taxonomy":"product_tag","embeddable":true,"href":"https:\/\/zl.jewelry\/pl\/wp-json\/wp\/v2\/product_tag?post=44044"}],"curies":[{"name":"wp","href":"https:\/\/api.w.org\/{rel}","templated":true}]}}