{"id":44042,"date":"2025-06-18T11:00:18","date_gmt":"2025-06-18T11:00:18","guid":{"rendered":"https:\/\/zl.jewelry\/product\/mechanism-ring\/"},"modified":"2025-09-26T18:31:00","modified_gmt":"2025-09-26T18:31:00","slug":"mechanism-ring","status":"publish","type":"product","link":"https:\/\/zl.jewelry\/pl\/product\/mechanism-ring\/","title":{"rendered":"Pier\u015bcionek &#8222;Mechanizm&#8221;"},"content":{"rendered":"<p>Oryginalny pier\u015bcionek z mechanizmem nap\u0119dowym, w po\u0142\u0105czeniu cytrynowego i bia\u0142ego z\u0142ota.&nbsp; Podstawa z cytrynowego z\u0142ota, boki z bia\u0142ego z\u0142ota, rodowane. W \u015brodku sze\u015bciok\u0105t&oacute;w znajduj\u0105 si\u0119 kamienie o \u015brednicy 2,5 mm (7 sztuk). Waga mo\u017ce by\u0107 zmieniana w zale\u017cno\u015bci od rozmiapl.&nbsp; Projekt mo\u017ce by\u0107 zmieniony zgodnie z \u017cyczeniem klienta.&nbsp;<\/p>\n<p>_x000D_<\/p>\n","protected":false},"excerpt":{"rendered":"<p>Oryginalny pier\u015bcionek z mechanizmem nap\u0119dowym, w po\u0142\u0105czeniu cytrynowego i bia\u0142ego z\u0142ota.&nbsp; Podstawa z cytrynowego z\u0142ota, boki z bia\u0142ego z\u0142ota, rodowane. W \u015brodku sze\u015bciok\u0105t&oacute;w znajduj\u0105 si\u0119 kamienie o \u015brednicy 2,5 mm (7 sztuk). Waga mo\u017ce by\u0107 zmieniana w zale\u017cno\u015bci od rozmiapl.&nbsp; Projekt mo\u017ce by\u0107 zmieniony zgodnie z \u017cyczeniem klienta.&nbsp; _x000D_<\/p>\n","protected":false},"featured_media":44043,"template":"","meta":{"_acf_changed":false},"product_brand":[],"product_cat":[517,588],"product_tag":[],"class_list":{"0":"post-44042","1":"product","2":"type-product","3":"status-publish","4":"has-post-thumbnail","6":"product_cat-mens-rings-and-seals-pl","7":"product_cat-smooth-rings-pl","9":"first","10":"instock","11":"product-type-simple"},"acf":[],"_links":{"self":[{"href":"https:\/\/zl.jewelry\/pl\/wp-json\/wp\/v2\/product\/44042","targetHints":{"allow":["GET"]}}],"collection":[{"href":"https:\/\/zl.jewelry\/pl\/wp-json\/wp\/v2\/product"}],"about":[{"href":"https:\/\/zl.jewelry\/pl\/wp-json\/wp\/v2\/types\/product"}],"wp:featuredmedia":[{"embeddable":true,"href":"https:\/\/zl.jewelry\/pl\/wp-json\/wp\/v2\/media\/44043"}],"wp:attachment":[{"href":"https:\/\/zl.jewelry\/pl\/wp-json\/wp\/v2\/media?parent=44042"}],"wp:term":[{"taxonomy":"product_brand","embeddable":true,"href":"https:\/\/zl.jewelry\/pl\/wp-json\/wp\/v2\/product_brand?post=44042"},{"taxonomy":"product_cat","embeddable":true,"href":"https:\/\/zl.jewelry\/pl\/wp-json\/wp\/v2\/product_cat?post=44042"},{"taxonomy":"product_tag","embeddable":true,"href":"https:\/\/zl.jewelry\/pl\/wp-json\/wp\/v2\/product_tag?post=44042"}],"curies":[{"name":"wp","href":"https:\/\/api.w.org\/{rel}","templated":true}]}}