{"id":44036,"date":"2025-06-18T11:00:18","date_gmt":"2025-06-18T11:00:18","guid":{"rendered":"https:\/\/zl.jewelry\/product\/my-way-bracelet\/"},"modified":"2026-04-22T12:17:21","modified_gmt":"2026-04-22T12:17:21","slug":"my-way-bracelet","status":"publish","type":"product","link":"https:\/\/zl.jewelry\/pl\/product\/my-way-bracelet\/","title":{"rendered":"Bransoletka &#8222;My Way&#8221;"},"content":{"rendered":"<section class=\"l-section wpb_row height_small\"><div class=\"l-section-h i-cf\"><div class=\"g-cols vc_row via_flex valign_top type_default stacking_default\"><div class=\"vc_col-sm-12 wpb_column vc_column_container\"><div class=\"vc_column-inner\"><div class=\"wpb_wrapper\"><div class=\"wpb_text_column\"><div class=\"wpb_wrapper\"><p>Bransoletka z bia\u0142ego z\u0142ota pr\u00f3by 585*, na kauczuku. Rozmiar kauczuku to 10x2mm. \u015arodkowa wk\u0142adka posiada napis &#8222;This is the way&#8221; pod czarn\u0105 emali\u0105. Rozmiar bransoletki 20cm, waga z\u0142ota w bransoletce 25,5 grama. Z\u0142ote wstawki s\u0105 rodowane.<\/p>\n<\/div><\/div><\/div><\/div><\/div><\/div><\/div><\/section>\n","protected":false},"excerpt":{"rendered":"Bransoletka z bia\u0142ego z\u0142ota pr\u00f3by 585*, na kauczuku. Rozmiar kauczuku to 10x2mm. \u015arodkowa wk\u0142adka posiada napis &#8222;This is the way&#8221; pod czarn\u0105 emali\u0105. Rozmiar bransoletki 20cm, waga z\u0142ota w bransoletce 25,5 grama. Z\u0142ote wstawki s\u0105 rodowane.","protected":false},"featured_media":44037,"template":"","meta":{"_acf_changed":false},"product_brand":[],"product_cat":[557,561,560],"product_tag":[],"class_list":{"0":"post-44036","1":"product","2":"type-product","3":"status-publish","4":"has-post-thumbnail","6":"product_cat-bracelets-pl","7":"product_cat-leather-bracelets-with-gold-inserts-pl","8":"product_cat-gold-bracelets-up-to-30-gr-pl","10":"first","11":"instock","12":"product-type-simple"},"acf":[],"_links":{"self":[{"href":"https:\/\/zl.jewelry\/pl\/wp-json\/wp\/v2\/product\/44036","targetHints":{"allow":["GET"]}}],"collection":[{"href":"https:\/\/zl.jewelry\/pl\/wp-json\/wp\/v2\/product"}],"about":[{"href":"https:\/\/zl.jewelry\/pl\/wp-json\/wp\/v2\/types\/product"}],"wp:featuredmedia":[{"embeddable":true,"href":"https:\/\/zl.jewelry\/pl\/wp-json\/wp\/v2\/media\/44037"}],"wp:attachment":[{"href":"https:\/\/zl.jewelry\/pl\/wp-json\/wp\/v2\/media?parent=44036"}],"wp:term":[{"taxonomy":"product_brand","embeddable":true,"href":"https:\/\/zl.jewelry\/pl\/wp-json\/wp\/v2\/product_brand?post=44036"},{"taxonomy":"product_cat","embeddable":true,"href":"https:\/\/zl.jewelry\/pl\/wp-json\/wp\/v2\/product_cat?post=44036"},{"taxonomy":"product_tag","embeddable":true,"href":"https:\/\/zl.jewelry\/pl\/wp-json\/wp\/v2\/product_tag?post=44036"}],"curies":[{"name":"wp","href":"https:\/\/api.w.org\/{rel}","templated":true}]}}