{"id":44034,"date":"2025-06-18T11:00:18","date_gmt":"2025-06-18T11:00:18","guid":{"rendered":"https:\/\/zl.jewelry\/product\/mystery-ring\/"},"modified":"2025-09-26T18:30:59","modified_gmt":"2025-09-26T18:30:59","slug":"mystery-ring","status":"publish","type":"product","link":"https:\/\/zl.jewelry\/pl\/product\/mystery-ring\/","title":{"rendered":"&#8222;Tajemniczy&#8221; pier\u015bcie\u0144"},"content":{"rendered":"<p>Pier\u015bcionek wykonany jest z czerwonego z\u0142ota pr&oacute;by 585* o szeroko\u015bci 1,8-2 cm. Przy rozmiarze pier\u015bcionka 18, waga z\u0142ota wynosi 12,40. G&oacute;rna cz\u0119\u015b\u0107 jest plchoma. Wstawki na obr\u0105czce bezbarwne fianity o \u015brednicy 1,25mm w ilo\u015bci 76 sztuk.<\/p>\n<p>_x000D_<\/p>\n","protected":false},"excerpt":{"rendered":"<p>Pier\u015bcionek wykonany jest z czerwonego z\u0142ota pr&oacute;by 585* o szeroko\u015bci 1,8-2 cm. Przy rozmiarze pier\u015bcionka 18, waga z\u0142ota wynosi 12,40. G&oacute;rna cz\u0119\u015b\u0107 jest plchoma. Wstawki na obr\u0105czce bezbarwne fianity o \u015brednicy 1,25mm w ilo\u015bci 76 sztuk. _x000D_<\/p>\n","protected":false},"featured_media":44035,"template":"","meta":{"_acf_changed":false},"product_brand":[],"product_cat":[514,518,519,522],"product_tag":[],"class_list":{"0":"post-44034","1":"product","2":"type-product","3":"status-publish","4":"has-post-thumbnail","6":"product_cat-golden-rings-pl","7":"product_cat-red-gold-rings-pl","8":"product_cat-rings-with-diamonds-pl","9":"product_cat-with-rocks-pl","11":"first","12":"instock","13":"product-type-simple"},"acf":[],"_links":{"self":[{"href":"https:\/\/zl.jewelry\/pl\/wp-json\/wp\/v2\/product\/44034","targetHints":{"allow":["GET"]}}],"collection":[{"href":"https:\/\/zl.jewelry\/pl\/wp-json\/wp\/v2\/product"}],"about":[{"href":"https:\/\/zl.jewelry\/pl\/wp-json\/wp\/v2\/types\/product"}],"wp:featuredmedia":[{"embeddable":true,"href":"https:\/\/zl.jewelry\/pl\/wp-json\/wp\/v2\/media\/44035"}],"wp:attachment":[{"href":"https:\/\/zl.jewelry\/pl\/wp-json\/wp\/v2\/media?parent=44034"}],"wp:term":[{"taxonomy":"product_brand","embeddable":true,"href":"https:\/\/zl.jewelry\/pl\/wp-json\/wp\/v2\/product_brand?post=44034"},{"taxonomy":"product_cat","embeddable":true,"href":"https:\/\/zl.jewelry\/pl\/wp-json\/wp\/v2\/product_cat?post=44034"},{"taxonomy":"product_tag","embeddable":true,"href":"https:\/\/zl.jewelry\/pl\/wp-json\/wp\/v2\/product_tag?post=44034"}],"curies":[{"name":"wp","href":"https:\/\/api.w.org\/{rel}","templated":true}]}}