{"id":44026,"date":"2025-06-18T11:00:18","date_gmt":"2025-06-18T11:00:18","guid":{"rendered":"https:\/\/zl.jewelry\/product\/cross-with-the-face-of-the-guardian-angel\/"},"modified":"2025-09-26T18:30:58","modified_gmt":"2025-09-26T18:30:58","slug":"cross-with-the-face-of-the-guardian-angel","status":"publish","type":"product","link":"https:\/\/zl.jewelry\/pl\/product\/cross-with-the-face-of-the-guardian-angel\/","title":{"rendered":"Krzy\u017c z twarz\u0105 anio\u0142a str\u00f3\u017ca"},"content":{"rendered":"<p>Krzy\u017c na drewnianej podstawie ze z\u0142otymi inkplstacjami. Waga jest w sotostavlenie z wymiarami, przy przybli\u017conej wysoko\u015bci krzy\u017ca z uszkiem 56,44 mm i szeroko\u015bci 31,24, bez uszka 42 mm, waga z\u0142ota 17,94 grama. Z\u0142ote wstawki w formie nak\u0142adek z czerwonego z\u0142ota, nad nimi na awersie ukrzy\u017cowanie, na rewersie twarz anio\u0142a &#8211; opiekuna z bia\u0142ego z\u0142ota, pokryte rodem. Centralna i boczne cz\u0119\u015bci krzy\u017ca po obu stronach oraz ucho&nbsp; pokryte czarn\u0105 emali\u0105..<\/p>\n","protected":false},"excerpt":{"rendered":"<p>Krzy\u017c na drewnianej podstawie ze z\u0142otymi inkplstacjami. Waga jest w sotostavlenie z wymiarami, przy przybli\u017conej wysoko\u015bci krzy\u017ca z uszkiem 56,44 mm i szeroko\u015bci 31,24, bez uszka 42 mm, waga z\u0142ota 17,94 grama. Z\u0142ote wstawki w formie nak\u0142adek z czerwonego z\u0142ota, nad nimi na awersie ukrzy\u017cowanie, na rewersie twarz anio\u0142a &#8211; opiekuna z bia\u0142ego z\u0142ota, pokryte&#8230;<\/p>\n","protected":false},"featured_media":44027,"template":"","meta":{"_acf_changed":false},"product_brand":[],"product_cat":[504,510,511],"product_tag":[],"class_list":{"0":"post-44026","1":"product","2":"type-product","3":"status-publish","4":"has-post-thumbnail","6":"product_cat-golden-crosses-pl","7":"product_cat-mens-crosses-pl","8":"product_cat-on-an-ebony-tree-2-pl","10":"first","11":"instock","12":"product-type-simple"},"acf":[],"_links":{"self":[{"href":"https:\/\/zl.jewelry\/pl\/wp-json\/wp\/v2\/product\/44026","targetHints":{"allow":["GET"]}}],"collection":[{"href":"https:\/\/zl.jewelry\/pl\/wp-json\/wp\/v2\/product"}],"about":[{"href":"https:\/\/zl.jewelry\/pl\/wp-json\/wp\/v2\/types\/product"}],"wp:featuredmedia":[{"embeddable":true,"href":"https:\/\/zl.jewelry\/pl\/wp-json\/wp\/v2\/media\/44027"}],"wp:attachment":[{"href":"https:\/\/zl.jewelry\/pl\/wp-json\/wp\/v2\/media?parent=44026"}],"wp:term":[{"taxonomy":"product_brand","embeddable":true,"href":"https:\/\/zl.jewelry\/pl\/wp-json\/wp\/v2\/product_brand?post=44026"},{"taxonomy":"product_cat","embeddable":true,"href":"https:\/\/zl.jewelry\/pl\/wp-json\/wp\/v2\/product_cat?post=44026"},{"taxonomy":"product_tag","embeddable":true,"href":"https:\/\/zl.jewelry\/pl\/wp-json\/wp\/v2\/product_tag?post=44026"}],"curies":[{"name":"wp","href":"https:\/\/api.w.org\/{rel}","templated":true}]}}