{"id":44012,"date":"2025-06-18T11:00:24","date_gmt":"2025-06-18T11:00:24","guid":{"rendered":"https:\/\/zl.jewelry\/product\/black-glossy-box-for-wedding-rings\/"},"modified":"2025-09-26T18:31:07","modified_gmt":"2025-09-26T18:31:07","slug":"black-glossy-box-for-wedding-rings","status":"publish","type":"product","link":"https:\/\/zl.jewelry\/pl\/product\/black-glossy-box-for-wedding-rings\/","title":{"rendered":"Czarne b\u0142yszcz\u0105ce pude\u0142ko na obr\u0105czki"},"content":{"rendered":"","protected":false},"excerpt":{"rendered":"","protected":false},"featured_media":44013,"template":"","meta":{"_acf_changed":false},"product_brand":[],"product_cat":[577],"product_tag":[],"class_list":{"0":"post-44012","1":"product","2":"type-product","3":"status-publish","4":"has-post-thumbnail","6":"product_cat-certificate-and-packaging-pl","8":"first","9":"instock","10":"product-type-simple"},"acf":[],"_links":{"self":[{"href":"https:\/\/zl.jewelry\/pl\/wp-json\/wp\/v2\/product\/44012","targetHints":{"allow":["GET"]}}],"collection":[{"href":"https:\/\/zl.jewelry\/pl\/wp-json\/wp\/v2\/product"}],"about":[{"href":"https:\/\/zl.jewelry\/pl\/wp-json\/wp\/v2\/types\/product"}],"wp:featuredmedia":[{"embeddable":true,"href":"https:\/\/zl.jewelry\/pl\/wp-json\/wp\/v2\/media\/44013"}],"wp:attachment":[{"href":"https:\/\/zl.jewelry\/pl\/wp-json\/wp\/v2\/media?parent=44012"}],"wp:term":[{"taxonomy":"product_brand","embeddable":true,"href":"https:\/\/zl.jewelry\/pl\/wp-json\/wp\/v2\/product_brand?post=44012"},{"taxonomy":"product_cat","embeddable":true,"href":"https:\/\/zl.jewelry\/pl\/wp-json\/wp\/v2\/product_cat?post=44012"},{"taxonomy":"product_tag","embeddable":true,"href":"https:\/\/zl.jewelry\/pl\/wp-json\/wp\/v2\/product_tag?post=44012"}],"curies":[{"name":"wp","href":"https:\/\/api.w.org\/{rel}","templated":true}]}}