{"id":44010,"date":"2025-06-18T11:00:24","date_gmt":"2025-06-18T11:00:24","guid":{"rendered":"https:\/\/zl.jewelry\/product\/signet-with-spider-and-cobwebs\/"},"modified":"2025-09-26T18:31:07","modified_gmt":"2025-09-26T18:31:07","slug":"signet-with-spider-and-cobwebs","status":"publish","type":"product","link":"https:\/\/zl.jewelry\/pl\/product\/signet-with-spider-and-cobwebs\/","title":{"rendered":"Pier\u015bcionek z paj\u0105kiem i paj\u0119czyn\u0105"},"content":{"rendered":"<p>M\u0119ska obr\u0105czka w kolorze czerwonego z\u0142ota. Po\u015brodku osadzony jest kamie\u0144 onyks, a powierzchnia cz\u0119\u015bciowo pokryta jest czarn\u0105 emali\u0105, na wierzchu kt\u00f3rej znajduje si\u0119 nak\u0142adka w formie paj\u0105ka, z bia\u0142ego z\u0142ota, pokrytego rodem. Po bokach wymodelowana jest paj\u0119czyna, w \u015brodku kt\u00f3rej znajduj\u0105 si\u0119 wstawki, w postaci kamieni, o przybli\u017conej \u015brednicy 2 mm. Waga z\u0142ota zmienia si\u0119 w zale\u017cno\u015bci od rozmiapl. Kamienie mog\u0105 by\u0107 osadzone dowolnie, na \u017cyczenie klienta.<\/p>\n","protected":false},"excerpt":{"rendered":"<p>M\u0119ska obr\u0105czka w kolorze czerwonego z\u0142ota. Po\u015brodku osadzony jest kamie\u0144 onyks, a powierzchnia cz\u0119\u015bciowo pokryta jest czarn\u0105 emali\u0105, na wierzchu kt\u00f3rej znajduje si\u0119 nak\u0142adka w formie paj\u0105ka, z bia\u0142ego z\u0142ota, pokrytego rodem. Po bokach wymodelowana jest paj\u0119czyna, w \u015brodku kt\u00f3rej znajduj\u0105 si\u0119 wstawki, w postaci kamieni, o przybli\u017conej \u015brednicy 2 mm. Waga z\u0142ota zmienia si\u0119&#8230;<\/p>\n","protected":false},"featured_media":44011,"template":"","meta":{"_acf_changed":false},"product_brand":[],"product_cat":[517,589],"product_tag":[],"class_list":{"0":"post-44010","1":"product","2":"type-product","3":"status-publish","4":"has-post-thumbnail","6":"product_cat-mens-rings-and-seals-pl","7":"product_cat-signet-rings-pl","9":"first","10":"instock","11":"product-type-simple"},"acf":[],"_links":{"self":[{"href":"https:\/\/zl.jewelry\/pl\/wp-json\/wp\/v2\/product\/44010","targetHints":{"allow":["GET"]}}],"collection":[{"href":"https:\/\/zl.jewelry\/pl\/wp-json\/wp\/v2\/product"}],"about":[{"href":"https:\/\/zl.jewelry\/pl\/wp-json\/wp\/v2\/types\/product"}],"wp:featuredmedia":[{"embeddable":true,"href":"https:\/\/zl.jewelry\/pl\/wp-json\/wp\/v2\/media\/44011"}],"wp:attachment":[{"href":"https:\/\/zl.jewelry\/pl\/wp-json\/wp\/v2\/media?parent=44010"}],"wp:term":[{"taxonomy":"product_brand","embeddable":true,"href":"https:\/\/zl.jewelry\/pl\/wp-json\/wp\/v2\/product_brand?post=44010"},{"taxonomy":"product_cat","embeddable":true,"href":"https:\/\/zl.jewelry\/pl\/wp-json\/wp\/v2\/product_cat?post=44010"},{"taxonomy":"product_tag","embeddable":true,"href":"https:\/\/zl.jewelry\/pl\/wp-json\/wp\/v2\/product_tag?post=44010"}],"curies":[{"name":"wp","href":"https:\/\/api.w.org\/{rel}","templated":true}]}}