{"id":43990,"date":"2025-06-18T11:00:24","date_gmt":"2025-06-18T11:00:24","guid":{"rendered":"https:\/\/zl.jewelry\/product\/cross-tree-of-life\/"},"modified":"2025-09-26T18:31:06","modified_gmt":"2025-09-26T18:31:06","slug":"cross-tree-of-life","status":"publish","type":"product","link":"https:\/\/zl.jewelry\/pl\/product\/cross-tree-of-life\/","title":{"rendered":"Krzy\u017c &#8222;Drzewo \u017bycia&#8221;"},"content":{"rendered":"<p>Krzy\u017c wykonany z czerwonego z\u0142ota z czarn\u0105 emali\u0105. Waga w stosunku do wymiar&oacute;w, &nbsp; przy wysoko\u015bci krzy\u017ca &nbsp; 52,71mm waga z\u0142ota w krzy\u017cu 24,27 grama. Mo\u017cliwo\u015b\u0107 wykonania o dowolnych wymiarach, zgodnie z \u017cyczeniem klienta. Na przedniej stronie znajduje si\u0119 ozdobny krzy\u017c bez ukrzy\u017cowania. Z ty\u0142u znajduje si\u0119 drzewo \u017cycia.&nbsp; Krzy\u017c mo\u017ce zosta\u0107 zmodernizowany.<\/p>\n<p>_x000D_<\/p>\n","protected":false},"excerpt":{"rendered":"<p>Krzy\u017c wykonany z czerwonego z\u0142ota z czarn\u0105 emali\u0105. Waga w stosunku do wymiar&oacute;w, &nbsp; przy wysoko\u015bci krzy\u017ca &nbsp; 52,71mm waga z\u0142ota w krzy\u017cu 24,27 grama. Mo\u017cliwo\u015b\u0107 wykonania o dowolnych wymiarach, zgodnie z \u017cyczeniem klienta. Na przedniej stronie znajduje si\u0119 ozdobny krzy\u017c bez ukrzy\u017cowania. Z ty\u0142u znajduje si\u0119 drzewo \u017cycia.&nbsp; Krzy\u017c mo\u017ce zosta\u0107 zmodernizowany. _x000D_<\/p>\n","protected":false},"featured_media":43995,"template":"","meta":{"_acf_changed":false},"product_brand":[],"product_cat":[504,507,510,513],"product_tag":[],"class_list":{"0":"post-43990","1":"product","2":"type-product","3":"status-publish","4":"has-post-thumbnail","6":"product_cat-golden-crosses-pl","7":"product_cat-exclusive-golden-handmade-crosses-pl","8":"product_cat-mens-crosses-pl","9":"product_cat-womens-crosses-pl","11":"first","12":"instock","13":"product-type-simple"},"acf":[],"_links":{"self":[{"href":"https:\/\/zl.jewelry\/pl\/wp-json\/wp\/v2\/product\/43990","targetHints":{"allow":["GET"]}}],"collection":[{"href":"https:\/\/zl.jewelry\/pl\/wp-json\/wp\/v2\/product"}],"about":[{"href":"https:\/\/zl.jewelry\/pl\/wp-json\/wp\/v2\/types\/product"}],"wp:featuredmedia":[{"embeddable":true,"href":"https:\/\/zl.jewelry\/pl\/wp-json\/wp\/v2\/media\/43995"}],"wp:attachment":[{"href":"https:\/\/zl.jewelry\/pl\/wp-json\/wp\/v2\/media?parent=43990"}],"wp:term":[{"taxonomy":"product_brand","embeddable":true,"href":"https:\/\/zl.jewelry\/pl\/wp-json\/wp\/v2\/product_brand?post=43990"},{"taxonomy":"product_cat","embeddable":true,"href":"https:\/\/zl.jewelry\/pl\/wp-json\/wp\/v2\/product_cat?post=43990"},{"taxonomy":"product_tag","embeddable":true,"href":"https:\/\/zl.jewelry\/pl\/wp-json\/wp\/v2\/product_tag?post=43990"}],"curies":[{"name":"wp","href":"https:\/\/api.w.org\/{rel}","templated":true}]}}