{"id":43988,"date":"2025-06-18T11:00:24","date_gmt":"2025-06-18T11:00:24","guid":{"rendered":"https:\/\/zl.jewelry\/product\/wedding-ring-path-of-love\/"},"modified":"2025-09-26T18:31:06","modified_gmt":"2025-09-26T18:31:06","slug":"wedding-ring-path-of-love","status":"publish","type":"product","link":"https:\/\/zl.jewelry\/pl\/product\/wedding-ring-path-of-love\/","title":{"rendered":"Obr\u0105czka \u015blubna &#8222;\u015acie\u017cka mi\u0142o\u015bci&#8221;"},"content":{"rendered":"<p>Pier\u015bcionek zar\u0119czynowy &#8211; \u015brodkowa cz\u0119\u015b\u0107 z bia\u0142ego z\u0142ota, boki z czerwonego z\u0142ota. Na ko\u0144cu napis na \u017cyczenie klienta.&nbsp; Szeroko\u015b\u0107 pier\u015bcionka 8 &#8211; 9mm.&nbsp; Wk\u0142adki fianitowe (mo\u017cna przyj\u0105\u0107 dowolne kamienie na \u017cyczenie klienta), \u015brednica 1,00mm; 1,25mm. \u015arodkowa cz\u0119\u015b\u0107 rodowana. Waga bi\u017cuterii zale\u017cy od rozmiaru pier\u015bcionka.<\/p>\n","protected":false},"excerpt":{"rendered":"<p>Pier\u015bcionek zar\u0119czynowy &#8211; \u015brodkowa cz\u0119\u015b\u0107 z bia\u0142ego z\u0142ota, boki z czerwonego z\u0142ota. Na ko\u0144cu napis na \u017cyczenie klienta.&nbsp; Szeroko\u015b\u0107 pier\u015bcionka 8 &#8211; 9mm.&nbsp; Wk\u0142adki fianitowe (mo\u017cna przyj\u0105\u0107 dowolne kamienie na \u017cyczenie klienta), \u015brednica 1,00mm; 1,25mm. \u015arodkowa cz\u0119\u015b\u0107 rodowana. Waga bi\u017cuterii zale\u017cy od rozmiaru pier\u015bcionka.<\/p>\n","protected":false},"featured_media":43989,"template":"","meta":{"_acf_changed":false},"product_brand":[],"product_cat":[528,530,537,535],"product_tag":[],"class_list":{"0":"post-43988","1":"product","2":"type-product","3":"status-publish","4":"has-post-thumbnail","6":"product_cat-wedding-rings-pl","7":"product_cat-combined-wedding-rings-pl","8":"product_cat-with-rocks-4-pl","9":"product_cat-wedding-rings-with-diamonds-pl","11":"first","12":"instock","13":"product-type-simple"},"acf":[],"_links":{"self":[{"href":"https:\/\/zl.jewelry\/pl\/wp-json\/wp\/v2\/product\/43988","targetHints":{"allow":["GET"]}}],"collection":[{"href":"https:\/\/zl.jewelry\/pl\/wp-json\/wp\/v2\/product"}],"about":[{"href":"https:\/\/zl.jewelry\/pl\/wp-json\/wp\/v2\/types\/product"}],"wp:featuredmedia":[{"embeddable":true,"href":"https:\/\/zl.jewelry\/pl\/wp-json\/wp\/v2\/media\/43989"}],"wp:attachment":[{"href":"https:\/\/zl.jewelry\/pl\/wp-json\/wp\/v2\/media?parent=43988"}],"wp:term":[{"taxonomy":"product_brand","embeddable":true,"href":"https:\/\/zl.jewelry\/pl\/wp-json\/wp\/v2\/product_brand?post=43988"},{"taxonomy":"product_cat","embeddable":true,"href":"https:\/\/zl.jewelry\/pl\/wp-json\/wp\/v2\/product_cat?post=43988"},{"taxonomy":"product_tag","embeddable":true,"href":"https:\/\/zl.jewelry\/pl\/wp-json\/wp\/v2\/product_tag?post=43988"}],"curies":[{"name":"wp","href":"https:\/\/api.w.org\/{rel}","templated":true}]}}