{"id":43986,"date":"2025-06-18T11:00:24","date_gmt":"2025-06-18T11:00:24","guid":{"rendered":"https:\/\/zl.jewelry\/product\/bracelet-currency\/"},"modified":"2025-09-26T18:31:05","modified_gmt":"2025-09-26T18:31:05","slug":"bracelet-currency","status":"publish","type":"product","link":"https:\/\/zl.jewelry\/pl\/product\/bracelet-currency\/","title":{"rendered":"Bransoletka &#8222;Waluta&#8221;"},"content":{"rendered":"<p>Bransoletka na sk\u00f3rze w kolorze czerwonego z\u0142ota. Na wk\u0142adkach na przedniej stronie waluty bitcoin, dolar, euro; na wewn\u0119trznej stronie daty wa\u017cne dla klienta, zdj\u0119cia na wk\u0142adkach pokryte &nbsp;&nbsp;&nbsp;czerni\u0105.&nbsp; Zamkni\u0119cie &#8211; pude\u0142ko z jednym zamkiem. Przy rozmiarze bransolety 19,5, waga z\u0142ota w bransolecie 12,33 grama. Szeroko\u015b\u0107 sk\u00f3ry to 10mm.<\/p>\n","protected":false},"excerpt":{"rendered":"<p>Bransoletka na sk\u00f3rze w kolorze czerwonego z\u0142ota. Na wk\u0142adkach na przedniej stronie waluty bitcoin, dolar, euro; na wewn\u0119trznej stronie daty wa\u017cne dla klienta, zdj\u0119cia na wk\u0142adkach pokryte &nbsp;&nbsp;&nbsp;czerni\u0105.&nbsp; Zamkni\u0119cie &#8211; pude\u0142ko z jednym zamkiem. Przy rozmiarze bransolety 19,5, waga z\u0142ota w bransolecie 12,33 grama. Szeroko\u015b\u0107 sk\u00f3ry to 10mm.<\/p>\n","protected":false},"featured_media":50065,"template":"","meta":{"_acf_changed":false},"product_brand":[],"product_cat":[557,560,561],"product_tag":[],"class_list":{"0":"post-43986","1":"product","2":"type-product","3":"status-publish","4":"has-post-thumbnail","6":"product_cat-bracelets-pl","7":"product_cat-gold-bracelets-up-to-30-gr-pl","8":"product_cat-leather-bracelets-with-gold-inserts-pl","10":"first","11":"instock","12":"product-type-simple"},"acf":[],"_links":{"self":[{"href":"https:\/\/zl.jewelry\/pl\/wp-json\/wp\/v2\/product\/43986","targetHints":{"allow":["GET"]}}],"collection":[{"href":"https:\/\/zl.jewelry\/pl\/wp-json\/wp\/v2\/product"}],"about":[{"href":"https:\/\/zl.jewelry\/pl\/wp-json\/wp\/v2\/types\/product"}],"wp:featuredmedia":[{"embeddable":true,"href":"https:\/\/zl.jewelry\/pl\/wp-json\/wp\/v2\/media\/50065"}],"wp:attachment":[{"href":"https:\/\/zl.jewelry\/pl\/wp-json\/wp\/v2\/media?parent=43986"}],"wp:term":[{"taxonomy":"product_brand","embeddable":true,"href":"https:\/\/zl.jewelry\/pl\/wp-json\/wp\/v2\/product_brand?post=43986"},{"taxonomy":"product_cat","embeddable":true,"href":"https:\/\/zl.jewelry\/pl\/wp-json\/wp\/v2\/product_cat?post=43986"},{"taxonomy":"product_tag","embeddable":true,"href":"https:\/\/zl.jewelry\/pl\/wp-json\/wp\/v2\/product_tag?post=43986"}],"curies":[{"name":"wp","href":"https:\/\/api.w.org\/{rel}","templated":true}]}}