{"id":43984,"date":"2025-06-18T11:00:24","date_gmt":"2025-06-18T11:00:24","guid":{"rendered":"https:\/\/zl.jewelry\/product\/bracelet-skulls\/"},"modified":"2025-09-26T18:31:05","modified_gmt":"2025-09-26T18:31:05","slug":"bracelet-skulls","status":"publish","type":"product","link":"https:\/\/zl.jewelry\/pl\/product\/bracelet-skulls\/","title":{"rendered":"Bransoletka &#8222;Czaszki&#8221;"},"content":{"rendered":"<p>Bransoletka z czerwonego z\u0142ota pr&oacute;by 585*, p&oacute;\u0142sztywna, na zawiasach. Zapi\u0119cie w kszta\u0142cie czaszki. Waga 48,40 gram&oacute;w przy rozmiarze 20,5.&nbsp;<\/p>\n<p>_x000D_<br \/>\n_x000D_<\/p>\n<p>&nbsp;<\/p>\n<p>_x000D_<\/p>\n","protected":false},"excerpt":{"rendered":"<p>Bransoletka z czerwonego z\u0142ota pr&oacute;by 585*, p&oacute;\u0142sztywna, na zawiasach. Zapi\u0119cie w kszta\u0142cie czaszki. Waga 48,40 gram&oacute;w przy rozmiarze 20,5.&nbsp; _x000D_ _x000D_ &nbsp; _x000D_<\/p>\n","protected":false},"featured_media":43985,"template":"","meta":{"_acf_changed":false},"product_brand":[],"product_cat":[557,559],"product_tag":[],"class_list":{"0":"post-43984","1":"product","2":"type-product","3":"status-publish","4":"has-post-thumbnail","6":"product_cat-bracelets-pl","7":"product_cat-gold-bracelets-from-30-gr-pl","9":"first","10":"instock","11":"product-type-simple"},"acf":[],"_links":{"self":[{"href":"https:\/\/zl.jewelry\/pl\/wp-json\/wp\/v2\/product\/43984","targetHints":{"allow":["GET"]}}],"collection":[{"href":"https:\/\/zl.jewelry\/pl\/wp-json\/wp\/v2\/product"}],"about":[{"href":"https:\/\/zl.jewelry\/pl\/wp-json\/wp\/v2\/types\/product"}],"wp:featuredmedia":[{"embeddable":true,"href":"https:\/\/zl.jewelry\/pl\/wp-json\/wp\/v2\/media\/43985"}],"wp:attachment":[{"href":"https:\/\/zl.jewelry\/pl\/wp-json\/wp\/v2\/media?parent=43984"}],"wp:term":[{"taxonomy":"product_brand","embeddable":true,"href":"https:\/\/zl.jewelry\/pl\/wp-json\/wp\/v2\/product_brand?post=43984"},{"taxonomy":"product_cat","embeddable":true,"href":"https:\/\/zl.jewelry\/pl\/wp-json\/wp\/v2\/product_cat?post=43984"},{"taxonomy":"product_tag","embeddable":true,"href":"https:\/\/zl.jewelry\/pl\/wp-json\/wp\/v2\/product_tag?post=43984"}],"curies":[{"name":"wp","href":"https:\/\/api.w.org\/{rel}","templated":true}]}}